{"id":1933,"date":"2025-06-24T11:39:49","date_gmt":"2025-06-24T09:39:49","guid":{"rendered":"https:\/\/apajh43.fr\/?page_id=1933"},"modified":"2025-07-03T13:26:48","modified_gmt":"2025-07-03T11:26:48","slug":"joelette","status":"publish","type":"page","link":"https:\/\/apajh43.fr\/index.php\/joelette\/","title":{"rendered":"Jo\u00eblette"},"content":{"rendered":"\t\t<div data-elementor-type=\"wp-page\" data-elementor-id=\"1933\" class=\"elementor elementor-1933\">\n\t\t\t\t<div class=\"elementor-element elementor-element-6989aef e-flex e-con-boxed e-con e-parent\" data-id=\"6989aef\" data-element_type=\"container\" data-e-type=\"container\">\n\t\t\t\t\t<div class=\"e-con-inner\">\n\t\t<div class=\"elementor-element elementor-element-8340aeb e-con-full e-flex e-con e-child\" data-id=\"8340aeb\" data-element_type=\"container\" data-e-type=\"container\">\n\t\t\t\t<div class=\"elementor-element elementor-element-b154e70 elementor-widget elementor-widget-heading\" data-id=\"b154e70\" data-element_type=\"widget\" data-e-type=\"widget\" data-widget_type=\"heading.default\">\n\t\t\t\t<div class=\"elementor-widget-container\">\n\t\t\t\t\t<h1 class=\"elementor-heading-title elementor-size-default\">Jo\u00eblette<\/h1>\t\t\t\t<\/div>\n\t\t\t\t<\/div>\n\t\t\t\t<\/div>\n\t\t\t\t\t<\/div>\n\t\t\t\t<\/div>\n\t\t<div class=\"elementor-element elementor-element-c09104b e-flex e-con-boxed e-con e-parent\" data-id=\"c09104b\" data-element_type=\"container\" data-e-type=\"container\">\n\t\t\t\t\t<div class=\"e-con-inner\">\n\t\t<div class=\"elementor-element elementor-element-66f821f e-con-full e-flex e-con e-child\" data-id=\"66f821f\" data-element_type=\"container\" data-e-type=\"container\">\n\t\t<div class=\"elementor-element elementor-element-c849fae e-con-full e-flex e-con e-child\" data-id=\"c849fae\" data-element_type=\"container\" data-e-type=\"container\">\n\t\t<div class=\"elementor-element elementor-element-4f1dbbc e-con-full e-flex e-con e-child\" data-id=\"4f1dbbc\" data-element_type=\"container\" data-e-type=\"container\" data-settings=\"{&quot;background_background&quot;:&quot;classic&quot;}\">\n\t\t\t\t<div class=\"elementor-element elementor-element-83c2c60 elementor-widget elementor-widget-text-editor\" data-id=\"83c2c60\" data-element_type=\"widget\" data-e-type=\"widget\" data-widget_type=\"text-editor.default\">\n\t\t\t\t<div class=\"elementor-widget-container\">\n\t\t\t\t\t\t\t\t\t<p><span style=\"white-space-collapse: preserve;\">L\u2019APAJH 43 met \u00e0 disposition des jo\u00eblettes sur tout le d\u00e9partement pour permettre aux personnes \u00e0 mobilit\u00e9 r\u00e9duite de participer \u00e0 des sorties nature, en famille ou en groupe.<\/span><\/p>\n<p>Que ce soit pour une balade en montagne, une randonn\u00e9e associative ou un \u00e9v\u00e9nement scolaire, pensez \u00e0 r\u00e9server votre jo\u00eblette d\u00e8s maintenant !<\/p>\n<p>Pr\u00eat gratuit sur simple demande.<\/p>\n<p><b><br><\/b><\/p>\n<p><b>Contactez-nous pour r\u00e9server<\/b><\/p>\n<p><b>APAJH 43 : 04 71 05 28 81 \u2013 siege@apajh43.fr<br>R\u00e9f\u00e9rent jo\u00eblette : Alain Bonnet\u2028&nbsp; &nbsp;&nbsp;<\/b><b style=\"font-style: inherit;\">bonnetal43@gmail.com<\/b><\/p><p><b>06 08 00 70 34<\/b><\/p>\t\t\t\t\t\t\t\t<\/div>\n\t\t\t\t<\/div>\n\t\t\t\t<\/div>\n\t\t\t\t<\/div>\n\t\t<div class=\"elementor-element elementor-element-5db1512 e-con-full e-flex e-con e-child\" data-id=\"5db1512\" data-element_type=\"container\" data-e-type=\"container\">\n\t\t\t\t<div class=\"elementor-element elementor-element-7ea99d4 elementor-widget elementor-widget-text-editor\" data-id=\"7ea99d4\" data-element_type=\"widget\" data-e-type=\"widget\" data-widget_type=\"text-editor.default\">\n\t\t\t\t<div class=\"elementor-widget-container\">\n\t\t\t\t\t\t\t\t\t<h3>En T\u00e9l\u00e9chargement<\/h3><ul><li style=\"list-style-type: none\"><ul><li><a class=\"bubulle\" title=\"\" href=\"https:\/\/apajh43.fr\/wp-content\/uploads\/2025\/06\/inventaire-joelettes-43-_492-1.xlsx\" target=\"_blank\" rel=\"noopener\" data-original-title=\"\" data-wplink-url-error=\"true\">O\u00f9 trouver une joelette en Haute-Loire<\/a><\/li><li><a class=\"bubulle\" title=\"\" href=\"https:\/\/apajh43.fr\/wp-content\/uploads\/2025\/06\/convention-de-pret-apajh43_518.doc\" data-original-title=\"\" data-wplink-url-error=\"true\">Convention de pr\u00eat jo\u00eblette adulte<\/a><\/li><li><a href=\"https:\/\/apajh43.fr\/wp-content\/uploads\/2025\/06\/convention-de-pret-joelette-kid-apajh43_519.doc\" target=\"_blank\" rel=\"noopener\" data-wplink-url-error=\"true\">Convention de pr\u00eat jo\u00eblette Kid<\/a><\/li><\/ul><\/li><\/ul><p>\u00a0<\/p>\t\t\t\t\t\t\t\t<\/div>\n\t\t\t\t<\/div>\n\t\t\t\t<\/div>\n\t\t\t\t<\/div>\n\t\t\t\t\t<\/div>\n\t\t\t\t<\/div>\n\t\t<div class=\"elementor-element elementor-element-eb4d3d9 e-flex e-con-boxed e-con e-parent\" data-id=\"eb4d3d9\" data-element_type=\"container\" data-e-type=\"container\">\n\t\t\t\t\t<div class=\"e-con-inner\">\n\t\t<div class=\"elementor-element elementor-element-67d4f4d e-con-full e-flex e-con e-child\" data-id=\"67d4f4d\" data-element_type=\"container\" data-e-type=\"container\">\n\t\t\t\t<div class=\"elementor-element elementor-element-4fea5f9 elementor-widget elementor-widget-html\" data-id=\"4fea5f9\" data-element_type=\"widget\" data-e-type=\"widget\" data-widget_type=\"html.default\">\n\t\t\t\t<div class=\"elementor-widget-container\">\n\t\t\t\t\t<iframe \n  src=\"https:\/\/calendar.google.com\/calendar\/embed?src=442aae8904806c3afbf122e2d3d3f3197893a5acde43e1c39e9448420f15c0f2@group.calendar.google.com&ctz=Europe%2FParis\" \n  style=\"border: 0\" \n  width=\"800\" \n  height=\"600\" \n  frameborder=\"0\" \n  scrolling=\"no\">\n<\/iframe>\n\n\t\t\t\t<\/div>\n\t\t\t\t<\/div>\n\t\t\t\t<\/div>\n\t\t\t\t\t<\/div>\n\t\t\t\t<\/div>\n\t\t\t\t<\/div>\n\t\t","protected":false},"excerpt":{"rendered":"<p>Jo\u00eblette L\u2019APAJH 43 met \u00e0 disposition des jo\u00eblettes sur tout le d\u00e9partement pour permettre aux personnes \u00e0 mobilit\u00e9 r\u00e9duite de [&hellip;]<\/p>\n","protected":false},"author":1,"featured_media":0,"parent":0,"menu_order":0,"comment_status":"closed","ping_status":"closed","template":"","meta":{"site-sidebar-layout":"no-sidebar","site-content-layout":"","ast-site-content-layout":"full-width-container","site-content-style":"default","site-sidebar-style":"default","ast-global-header-display":"","ast-banner-title-visibility":"","ast-main-header-display":"","ast-hfb-above-header-display":"","ast-hfb-below-header-display":"","ast-hfb-mobile-header-display":"","site-post-title":"disabled","ast-breadcrumbs-content":"","ast-featured-img":"disabled","footer-sml-layout":"","ast-disable-related-posts":"","theme-transparent-header-meta":"","adv-header-id-meta":"","stick-header-meta":"","header-above-stick-meta":"","header-main-stick-meta":"","header-below-stick-meta":"","astra-migrate-meta-layouts":"default","ast-page-background-enabled":"default","ast-page-background-meta":{"desktop":{"background-color":"var(--ast-global-color-5)","background-image":"","background-repeat":"repeat","background-position":"center center","background-size":"auto","background-attachment":"scroll","background-type":"","background-media":"","overlay-type":"","overlay-color":"","overlay-opacity":"","overlay-gradient":""},"tablet":{"background-color":"","background-image":"","background-repeat":"repeat","background-position":"center center","background-size":"auto","background-attachment":"scroll","background-type":"","background-media":"","overlay-type":"","overlay-color":"","overlay-opacity":"","overlay-gradient":""},"mobile":{"background-color":"","background-image":"","background-repeat":"repeat","background-position":"center center","background-size":"auto","background-attachment":"scroll","background-type":"","background-media":"","overlay-type":"","overlay-color":"","overlay-opacity":"","overlay-gradient":""}},"ast-content-background-meta":{"desktop":{"background-color":"var(--ast-global-color-4)","background-image":"","background-repeat":"repeat","background-position":"center center","background-size":"auto","background-attachment":"scroll","background-type":"","background-media":"","overlay-type":"","overlay-color":"","overlay-opacity":"","overlay-gradient":""},"tablet":{"background-color":"var(--ast-global-color-4)","background-image":"","background-repeat":"repeat","background-position":"center center","background-size":"auto","background-attachment":"scroll","background-type":"","background-media":"","overlay-type":"","overlay-color":"","overlay-opacity":"","overlay-gradient":""},"mobile":{"background-color":"var(--ast-global-color-4)","background-image":"","background-repeat":"repeat","background-position":"center center","background-size":"auto","background-attachment":"scroll","background-type":"","background-media":"","overlay-type":"","overlay-color":"","overlay-opacity":"","overlay-gradient":""}},"footnotes":""},"class_list":["post-1933","page","type-page","status-publish","hentry"],"_links":{"self":[{"href":"https:\/\/apajh43.fr\/index.php\/wp-json\/wp\/v2\/pages\/1933","targetHints":{"allow":["GET"]}}],"collection":[{"href":"https:\/\/apajh43.fr\/index.php\/wp-json\/wp\/v2\/pages"}],"about":[{"href":"https:\/\/apajh43.fr\/index.php\/wp-json\/wp\/v2\/types\/page"}],"author":[{"embeddable":true,"href":"https:\/\/apajh43.fr\/index.php\/wp-json\/wp\/v2\/users\/1"}],"replies":[{"embeddable":true,"href":"https:\/\/apajh43.fr\/index.php\/wp-json\/wp\/v2\/comments?post=1933"}],"version-history":[{"count":13,"href":"https:\/\/apajh43.fr\/index.php\/wp-json\/wp\/v2\/pages\/1933\/revisions"}],"predecessor-version":[{"id":2394,"href":"https:\/\/apajh43.fr\/index.php\/wp-json\/wp\/v2\/pages\/1933\/revisions\/2394"}],"wp:attachment":[{"href":"https:\/\/apajh43.fr\/index.php\/wp-json\/wp\/v2\/media?parent=1933"}],"curies":[{"name":"wp","href":"https:\/\/api.w.org\/{rel}","templated":true}]}}