{"id":199,"date":"2025-05-15T13:39:10","date_gmt":"2025-05-15T11:39:10","guid":{"rendered":"https:\/\/apajh43.fr\/?page_id=199"},"modified":"2025-12-23T14:24:00","modified_gmt":"2025-12-23T13:24:00","slug":"adherer","status":"publish","type":"page","link":"https:\/\/apajh43.fr\/index.php\/adherer\/","title":{"rendered":"Adh\u00e9rer"},"content":{"rendered":"\t\t<div data-elementor-type=\"wp-page\" data-elementor-id=\"199\" class=\"elementor elementor-199\">\n\t\t\t\t<div class=\"elementor-element elementor-element-zda7quj e-flex e-con-boxed e-con e-parent\" data-id=\"zda7quj\" data-element_type=\"container\" data-e-type=\"container\" data-settings=\"{&quot;background_background&quot;:&quot;classic&quot;}\">\n\t\t\t\t\t<div class=\"e-con-inner\">\n\t\t<div class=\"elementor-element elementor-element-c248003 e-flex e-con-boxed e-con e-child\" data-id=\"c248003\" data-element_type=\"container\" data-e-type=\"container\">\n\t\t\t\t\t<div class=\"e-con-inner\">\n\t\t\t\t<div class=\"elementor-element elementor-element-0cd6647 elementor-widget elementor-widget-heading\" data-id=\"0cd6647\" data-element_type=\"widget\" data-e-type=\"widget\" data-widget_type=\"heading.default\">\n\t\t\t\t<div class=\"elementor-widget-container\">\n\t\t\t\t\t<h1 class=\"elementor-heading-title elementor-size-default\">Adh\u00e9rer<\/h1>\t\t\t\t<\/div>\n\t\t\t\t<\/div>\n\t\t\t\t\t<\/div>\n\t\t\t\t<\/div>\n\t\t\t\t\t<\/div>\n\t\t\t\t<\/div>\n\t\t\t\t<section class=\"elementor-section elementor-top-section elementor-element elementor-element-hvngaig elementor-section-content-middle elementor-section-boxed elementor-section-height-default elementor-section-height-default\" data-id=\"hvngaig\" data-element_type=\"section\" data-e-type=\"section\" data-settings=\"{&quot;background_background&quot;:&quot;classic&quot;}\">\n\t\t\t\t\t\t<div class=\"elementor-container elementor-column-gap-no\">\n\t\t\t\t\t<div class=\"elementor-column elementor-col-50 elementor-top-column elementor-element elementor-element-9230439\" data-id=\"9230439\" data-element_type=\"column\" data-e-type=\"column\">\n\t\t\t<div class=\"elementor-widget-wrap elementor-element-populated\">\n\t\t\t\t\t\t<div class=\"elementor-element elementor-element-907dc93 elementor-widget elementor-widget-image\" data-id=\"907dc93\" data-element_type=\"widget\" data-e-type=\"widget\" data-widget_type=\"image.default\">\n\t\t\t\t<div class=\"elementor-widget-container\">\n\t\t\t\t\t\t\t\t\t\t\t\t\t\t\t<img fetchpriority=\"high\" decoding=\"async\" width=\"1024\" height=\"683\" src=\"https:\/\/apajh43.fr\/wp-content\/uploads\/2025\/06\/les-dirigeants-d-entreprise-avec-la-main-empiles-2-1024x683.jpg\" class=\"attachment-large size-large wp-image-2083\" alt=\"\" srcset=\"https:\/\/apajh43.fr\/wp-content\/uploads\/2025\/06\/les-dirigeants-d-entreprise-avec-la-main-empiles-2-1024x683.jpg 1024w, https:\/\/apajh43.fr\/wp-content\/uploads\/2025\/06\/les-dirigeants-d-entreprise-avec-la-main-empiles-2-300x200.jpg 300w, https:\/\/apajh43.fr\/wp-content\/uploads\/2025\/06\/les-dirigeants-d-entreprise-avec-la-main-empiles-2-768x512.jpg 768w, https:\/\/apajh43.fr\/wp-content\/uploads\/2025\/06\/les-dirigeants-d-entreprise-avec-la-main-empiles-2-1536x1024.jpg 1536w, https:\/\/apajh43.fr\/wp-content\/uploads\/2025\/06\/les-dirigeants-d-entreprise-avec-la-main-empiles-2-2048x1365.jpg 2048w, https:\/\/apajh43.fr\/wp-content\/uploads\/2025\/06\/les-dirigeants-d-entreprise-avec-la-main-empiles-2-1320x880.jpg 1320w\" sizes=\"(max-width: 1024px) 100vw, 1024px\" \/>\t\t\t\t\t\t\t\t\t\t\t\t\t\t\t<\/div>\n\t\t\t\t<\/div>\n\t\t\t\t\t<\/div>\n\t\t<\/div>\n\t\t\t\t<div class=\"elementor-column elementor-col-50 elementor-top-column elementor-element elementor-element-6dd492b\" data-id=\"6dd492b\" data-element_type=\"column\" data-e-type=\"column\" data-settings=\"{&quot;background_background&quot;:&quot;classic&quot;}\">\n\t\t\t<div class=\"elementor-widget-wrap elementor-element-populated\">\n\t\t\t\t\t\t<div class=\"elementor-element elementor-element-c9a7b00 elementor-widget elementor-widget-heading\" data-id=\"c9a7b00\" data-element_type=\"widget\" data-e-type=\"widget\" data-widget_type=\"heading.default\">\n\t\t\t\t<div class=\"elementor-widget-container\">\n\t\t\t\t\t<h2 class=\"elementor-heading-title elementor-size-default\">Soutenez l'APAJH 43 !<\/h2>\t\t\t\t<\/div>\n\t\t\t\t<\/div>\n\t\t\t\t<div class=\"elementor-element elementor-element-494b65d elementor-widget elementor-widget-text-editor\" data-id=\"494b65d\" data-element_type=\"widget\" data-e-type=\"widget\" data-widget_type=\"text-editor.default\">\n\t\t\t\t<div class=\"elementor-widget-container\">\n\t\t\t\t\t\t\t\t\t<p>Si vous souhaitez adh\u00e9rer et soutenir l&rsquo;APAJH 43, il vous suffit de cliquer sur le bouton ci-dessous pour acc\u00e9der \u00e0 notre formulaire d&rsquo;adh\u00e9sion s\u00e9curis\u00e9 via HelloAsso.<br \/>Votre cotisation nous permet de poursuivre nos nombreuses activit\u00e9s associatives (On conte sur Nous, sorties en jo\u00eblettes, animations diverses) et d\u2019atteindre les objectifs que notre association s\u2019est fix\u00e9e pour l\u2019ann\u00e9e.\u2028Le montant de l&rsquo;adh\u00e9sion reste identique aux ann\u00e9es pr\u00e9c\u00e9dentes.<\/p>\t\t\t\t\t\t\t\t<\/div>\n\t\t\t\t<\/div>\n\t\t\t\t<div class=\"elementor-element elementor-element-e85f058 elementor-widget elementor-widget-image\" data-id=\"e85f058\" data-element_type=\"widget\" data-e-type=\"widget\" data-widget_type=\"image.default\">\n\t\t\t\t<div class=\"elementor-widget-container\">\n\t\t\t\t\t\t\t\t\t\t\t\t\t\t\t<img decoding=\"async\" width=\"103\" height=\"81\" src=\"https:\/\/apajh43.fr\/wp-content\/uploads\/2025\/05\/quotes-1.png\" class=\"attachment-large size-large wp-image-427\" alt=\"\" \/>\t\t\t\t\t\t\t\t\t\t\t\t\t\t\t<\/div>\n\t\t\t\t<\/div>\n\t\t\t\t<div class=\"elementor-element elementor-element-7afd363 elementor-widget elementor-widget-text-editor\" data-id=\"7afd363\" data-element_type=\"widget\" data-e-type=\"widget\" data-widget_type=\"text-editor.default\">\n\t\t\t\t<div class=\"elementor-widget-container\">\n\t\t\t\t\t\t\t\t\t<p>Persuad\u00e9 de l\u2019int\u00e9r\u00eat que vous nous t\u00e9moignez et garant du bon usage de vos dons, je suis confiant dans la continuit\u00e9 de votre engagement et je vous en remercie vivement.<\/p>\n<p><b><i>\u2014 Bernard Hantson<\/i><br><\/b><i>Pr\u00e9sident<\/i><\/p>\t\t\t\t\t\t\t\t<\/div>\n\t\t\t\t<\/div>\n\t\t\t\t<div class=\"elementor-element elementor-element-2b2bdd5 elementor-align-center elementor-widget elementor-widget-button\" data-id=\"2b2bdd5\" data-element_type=\"widget\" data-e-type=\"widget\" data-widget_type=\"button.default\">\n\t\t\t\t<div class=\"elementor-widget-container\">\n\t\t\t\t\t\t\t\t\t<div class=\"elementor-button-wrapper\">\n\t\t\t\t\t<a class=\"elementor-button elementor-button-link elementor-size-sm elementor-animation-grow\" href=\"https:\/\/www.helloasso.com\/associations\/apajh-43\/adhesions\/adhesion-apajh43\" target=\"_blank\">\n\t\t\t\t\t\t<span class=\"elementor-button-content-wrapper\">\n\t\t\t\t\t\t\t\t\t<span class=\"elementor-button-text\">Adh\u00e9rer \u00e0 l'APAJH43<\/span>\n\t\t\t\t\t<\/span>\n\t\t\t\t\t<\/a>\n\t\t\t\t<\/div>\n\t\t\t\t\t\t\t\t<\/div>\n\t\t\t\t<\/div>\n\t\t\t\t\t<\/div>\n\t\t<\/div>\n\t\t\t\t\t<\/div>\n\t\t<\/section>\n\t\t<div class=\"elementor-element elementor-element-a8be07d e-flex e-con-boxed e-con e-parent\" data-id=\"a8be07d\" data-element_type=\"container\" data-e-type=\"container\">\n\t\t\t\t\t<div class=\"e-con-inner\">\n\t\t\t\t<div class=\"elementor-element elementor-element-6fd01fc elementor-widget elementor-widget-text-editor\" data-id=\"6fd01fc\" data-element_type=\"widget\" data-e-type=\"widget\" data-widget_type=\"text-editor.default\">\n\t\t\t\t<div class=\"elementor-widget-container\">\n\t\t\t\t\t\t\t\t\t<p>Vous pouvez \u00e9galement adh\u00e9rer par courrier en t\u00e9l\u00e9chargeant le bulletin au format PDF et en nous le retournant compl\u00e9t\u00e9, accompagn\u00e9 de son r\u00e8glement. T\u00e9l\u00e9chargez le bulletin d\u2019adh\u00e9sion\u00a0<a href=\"https:\/\/apajh43.fr\/wp-content\/uploads\/2025\/12\/Coupons-cotisation-2026-site.pdf\" target=\"_blank\" rel=\"noopener\"><strong>ici<\/strong><\/a><\/p>\t\t\t\t\t\t\t\t<\/div>\n\t\t\t\t<\/div>\n\t\t\t\t\t<\/div>\n\t\t\t\t<\/div>\n\t\t\t\t<\/div>\n\t\t","protected":false},"excerpt":{"rendered":"<p>Adh\u00e9rer Soutenez l&rsquo;APAJH 43 ! Si vous souhaitez adh\u00e9rer et soutenir l&rsquo;APAJH 43, il vous suffit de cliquer sur le [&hellip;]<\/p>\n","protected":false},"author":1,"featured_media":0,"parent":0,"menu_order":0,"comment_status":"closed","ping_status":"closed","template":"","meta":{"site-sidebar-layout":"no-sidebar","site-content-layout":"","ast-site-content-layout":"full-width-container","site-content-style":"default","site-sidebar-style":"default","ast-global-header-display":"","ast-banner-title-visibility":"","ast-main-header-display":"","ast-hfb-above-header-display":"","ast-hfb-below-header-display":"","ast-hfb-mobile-header-display":"","site-post-title":"disabled","ast-breadcrumbs-content":"","ast-featured-img":"disabled","footer-sml-layout":"","ast-disable-related-posts":"","theme-transparent-header-meta":"","adv-header-id-meta":"","stick-header-meta":"","header-above-stick-meta":"","header-main-stick-meta":"","header-below-stick-meta":"","astra-migrate-meta-layouts":"default","ast-page-background-enabled":"default","ast-page-background-meta":{"desktop":{"background-color":"var(--ast-global-color-5)","background-image":"","background-repeat":"repeat","background-position":"center center","background-size":"auto","background-attachment":"scroll","background-type":"","background-media":"","overlay-type":"","overlay-color":"","overlay-opacity":"","overlay-gradient":""},"tablet":{"background-color":"","background-image":"","background-repeat":"repeat","background-position":"center center","background-size":"auto","background-attachment":"scroll","background-type":"","background-media":"","overlay-type":"","overlay-color":"","overlay-opacity":"","overlay-gradient":""},"mobile":{"background-color":"","background-image":"","background-repeat":"repeat","background-position":"center center","background-size":"auto","background-attachment":"scroll","background-type":"","background-media":"","overlay-type":"","overlay-color":"","overlay-opacity":"","overlay-gradient":""}},"ast-content-background-meta":{"desktop":{"background-color":"var(--ast-global-color-4)","background-image":"","background-repeat":"repeat","background-position":"center center","background-size":"auto","background-attachment":"scroll","background-type":"","background-media":"","overlay-type":"","overlay-color":"","overlay-opacity":"","overlay-gradient":""},"tablet":{"background-color":"var(--ast-global-color-4)","background-image":"","background-repeat":"repeat","background-position":"center center","background-size":"auto","background-attachment":"scroll","background-type":"","background-media":"","overlay-type":"","overlay-color":"","overlay-opacity":"","overlay-gradient":""},"mobile":{"background-color":"var(--ast-global-color-4)","background-image":"","background-repeat":"repeat","background-position":"center center","background-size":"auto","background-attachment":"scroll","background-type":"","background-media":"","overlay-type":"","overlay-color":"","overlay-opacity":"","overlay-gradient":""}},"footnotes":""},"class_list":["post-199","page","type-page","status-publish","hentry"],"_links":{"self":[{"href":"https:\/\/apajh43.fr\/index.php\/wp-json\/wp\/v2\/pages\/199","targetHints":{"allow":["GET"]}}],"collection":[{"href":"https:\/\/apajh43.fr\/index.php\/wp-json\/wp\/v2\/pages"}],"about":[{"href":"https:\/\/apajh43.fr\/index.php\/wp-json\/wp\/v2\/types\/page"}],"author":[{"embeddable":true,"href":"https:\/\/apajh43.fr\/index.php\/wp-json\/wp\/v2\/users\/1"}],"replies":[{"embeddable":true,"href":"https:\/\/apajh43.fr\/index.php\/wp-json\/wp\/v2\/comments?post=199"}],"version-history":[{"count":55,"href":"https:\/\/apajh43.fr\/index.php\/wp-json\/wp\/v2\/pages\/199\/revisions"}],"predecessor-version":[{"id":2780,"href":"https:\/\/apajh43.fr\/index.php\/wp-json\/wp\/v2\/pages\/199\/revisions\/2780"}],"wp:attachment":[{"href":"https:\/\/apajh43.fr\/index.php\/wp-json\/wp\/v2\/media?parent=199"}],"curies":[{"name":"wp","href":"https:\/\/api.w.org\/{rel}","templated":true}]}}