{"id":357,"date":"2025-05-26T10:52:21","date_gmt":"2025-05-26T08:52:21","guid":{"rendered":"https:\/\/apajh43.fr\/?page_id=357"},"modified":"2025-06-12T15:05:39","modified_gmt":"2025-06-12T13:05:39","slug":"representation","status":"publish","type":"page","link":"https:\/\/apajh43.fr\/index.php\/representation\/","title":{"rendered":"Repr\u00e9sentation"},"content":{"rendered":"\t\t<div data-elementor-type=\"wp-page\" data-elementor-id=\"357\" class=\"elementor elementor-357\">\n\t\t\t\t<div class=\"elementor-element elementor-element-67be098 e-flex e-con-boxed e-con e-parent\" data-id=\"67be098\" data-element_type=\"container\" data-e-type=\"container\">\n\t\t\t\t\t<div class=\"e-con-inner\">\n\t\t\t\t<div class=\"elementor-element elementor-element-1762829 elementor-widget elementor-widget-heading\" data-id=\"1762829\" data-element_type=\"widget\" data-e-type=\"widget\" data-widget_type=\"heading.default\">\n\t\t\t\t<div class=\"elementor-widget-container\">\n\t\t\t\t\t<h2 class=\"elementor-heading-title elementor-size-default\">Repr\u00e9sentation dans les diff\u00e9rentes instances d\u00e9partementales<\/h2>\t\t\t\t<\/div>\n\t\t\t\t<\/div>\n\t\t\t\t\t<\/div>\n\t\t\t\t<\/div>\n\t\t\t\t<section class=\"elementor-section elementor-top-section elementor-element elementor-element-87dffva elementor-section-content-middle elementor-section-boxed elementor-section-height-default elementor-section-height-default\" data-id=\"87dffva\" data-element_type=\"section\" data-e-type=\"section\">\n\t\t\t\t\t\t\t<div class=\"elementor-background-overlay\"><\/div>\n\t\t\t\t\t\t\t<div class=\"elementor-container elementor-column-gap-no\">\n\t\t\t\t\t<div class=\"elementor-column elementor-col-100 elementor-top-column elementor-element elementor-element-e6c3cb2\" data-id=\"e6c3cb2\" data-element_type=\"column\" data-e-type=\"column\" data-settings=\"{&quot;background_background&quot;:&quot;classic&quot;}\">\n\t\t\t<div class=\"elementor-widget-wrap elementor-element-populated\">\n\t\t\t\t\t\t<section class=\"elementor-section elementor-inner-section elementor-element elementor-element-8fe3c28 elementor-section-content-middle elementor-section-boxed elementor-section-height-default elementor-section-height-default\" data-id=\"8fe3c28\" data-element_type=\"section\" data-e-type=\"section\">\n\t\t\t\t\t\t<div class=\"elementor-container elementor-column-gap-no\">\n\t\t\t\t\t<div class=\"elementor-column elementor-col-100 elementor-inner-column elementor-element elementor-element-793edbe\" data-id=\"793edbe\" data-element_type=\"column\" data-e-type=\"column\">\n\t\t\t<div class=\"elementor-widget-wrap elementor-element-populated\">\n\t\t\t\t\t\t<div class=\"elementor-element elementor-element-e08caa5 elementor-widget elementor-widget-text-editor\" data-id=\"e08caa5\" data-element_type=\"widget\" data-e-type=\"widget\" data-widget_type=\"text-editor.default\">\n\t\t\t\t<div class=\"elementor-widget-container\">\n\t\t\t\t\t\t\t\t\t<p><b>ACCESSIBILIT\u00c9 DES PERSONNES HANDICAPEES <br \/><\/b>Sous commission consultative<br \/>Le Puy-en-Velay <br \/>Brioude<br \/>Yssingeaux<\/p><p><b>\u00a0<\/b><\/p><p><b>ARS<\/b><br \/>Conf\u00e9rence R\u00e9gionale de la Sant\u00e9 et de l&rsquo;Autonomie d&rsquo;Auvergne<br \/>Conf\u00e9rence de\u00a0 Territoire Haute-Loire<\/p><p><b>\u00a0<\/b><\/p><p><b>CAF<\/b> <b>ANCV<\/b><\/p><p><b>\u00a0<\/b><\/p><p><b>CCAS<\/b><br \/>Centre Communal d&rsquo;Action Sociale All\u00e8gre<br \/>Centre Communal d&rsquo;Action Sociale Chadrac<br \/>Centre Communal d&rsquo;Action Sociale Le Puy-en-Velay<br \/>Centre Communal d&rsquo;Action Sociale Brives-Charensac<\/p><p>\u00a0<\/p><p><b>CCDAPH &#8211; Conseil Consultatif D\u00e9partemental des Associations des Personnes Handicap\u00e9es\u2028<\/b><\/p><p><b><br \/>CDAPH &#8211; Commission des Droits et de l&rsquo;Autonomie des Personnes Handicap\u00e9es\u2028<\/b><\/p><p><b><br \/>CERA &#8211; Comit\u00e9 d&rsquo;Entente R\u00e9gionale des Associations d&rsquo;Auvergne<br \/>COMEX &#8211; Comission Ex\u00e9cutive MDPH<br \/>COMITE DE GESTION DU FONDS DE COMPENSATION MDPH<br \/>DAHLIR<br \/>EDUCATION NATIONALE &#8211; Comit\u00e9 D\u00e9partemental de <br \/>GAMS 43 &#8211; Groupement des Associations du secteur Social et M\u00e9dico-social de Haute-LOIRE<br \/>CDCA &#8211; Compit\u00e9 D\u00e9partemental Consultatif de <\/b><\/p>\t\t\t\t\t\t\t\t<\/div>\n\t\t\t\t<\/div>\n\t\t\t\t\t<\/div>\n\t\t<\/div>\n\t\t\t\t\t<\/div>\n\t\t<\/section>\n\t\t\t\t\t<\/div>\n\t\t<\/div>\n\t\t\t\t\t<\/div>\n\t\t<\/section>\n\t\t\t\t<\/div>\n\t\t","protected":false},"excerpt":{"rendered":"<p>Repr\u00e9sentation dans les diff\u00e9rentes instances d\u00e9partementales ACCESSIBILIT\u00c9 DES PERSONNES HANDICAPEES Sous commission consultativeLe Puy-en-Velay BrioudeYssingeaux \u00a0 ARSConf\u00e9rence R\u00e9gionale de la [&hellip;]<\/p>\n","protected":false},"author":1,"featured_media":0,"parent":0,"menu_order":0,"comment_status":"closed","ping_status":"closed","template":"","meta":{"site-sidebar-layout":"no-sidebar","site-content-layout":"","ast-site-content-layout":"full-width-container","site-content-style":"default","site-sidebar-style":"default","ast-global-header-display":"","ast-banner-title-visibility":"","ast-main-header-display":"","ast-hfb-above-header-display":"","ast-hfb-below-header-display":"","ast-hfb-mobile-header-display":"","site-post-title":"disabled","ast-breadcrumbs-content":"","ast-featured-img":"disabled","footer-sml-layout":"","ast-disable-related-posts":"","theme-transparent-header-meta":"","adv-header-id-meta":"","stick-header-meta":"","header-above-stick-meta":"","header-main-stick-meta":"","header-below-stick-meta":"","astra-migrate-meta-layouts":"default","ast-page-background-enabled":"default","ast-page-background-meta":{"desktop":{"background-color":"var(--ast-global-color-5)","background-image":"","background-repeat":"repeat","background-position":"center center","background-size":"auto","background-attachment":"scroll","background-type":"","background-media":"","overlay-type":"","overlay-color":"","overlay-opacity":"","overlay-gradient":""},"tablet":{"background-color":"","background-image":"","background-repeat":"repeat","background-position":"center center","background-size":"auto","background-attachment":"scroll","background-type":"","background-media":"","overlay-type":"","overlay-color":"","overlay-opacity":"","overlay-gradient":""},"mobile":{"background-color":"","background-image":"","background-repeat":"repeat","background-position":"center center","background-size":"auto","background-attachment":"scroll","background-type":"","background-media":"","overlay-type":"","overlay-color":"","overlay-opacity":"","overlay-gradient":""}},"ast-content-background-meta":{"desktop":{"background-color":"var(--ast-global-color-4)","background-image":"","background-repeat":"repeat","background-position":"center center","background-size":"auto","background-attachment":"scroll","background-type":"","background-media":"","overlay-type":"","overlay-color":"","overlay-opacity":"","overlay-gradient":""},"tablet":{"background-color":"var(--ast-global-color-4)","background-image":"","background-repeat":"repeat","background-position":"center center","background-size":"auto","background-attachment":"scroll","background-type":"","background-media":"","overlay-type":"","overlay-color":"","overlay-opacity":"","overlay-gradient":""},"mobile":{"background-color":"var(--ast-global-color-4)","background-image":"","background-repeat":"repeat","background-position":"center center","background-size":"auto","background-attachment":"scroll","background-type":"","background-media":"","overlay-type":"","overlay-color":"","overlay-opacity":"","overlay-gradient":""}},"footnotes":""},"class_list":["post-357","page","type-page","status-publish","hentry"],"_links":{"self":[{"href":"https:\/\/apajh43.fr\/index.php\/wp-json\/wp\/v2\/pages\/357","targetHints":{"allow":["GET"]}}],"collection":[{"href":"https:\/\/apajh43.fr\/index.php\/wp-json\/wp\/v2\/pages"}],"about":[{"href":"https:\/\/apajh43.fr\/index.php\/wp-json\/wp\/v2\/types\/page"}],"author":[{"embeddable":true,"href":"https:\/\/apajh43.fr\/index.php\/wp-json\/wp\/v2\/users\/1"}],"replies":[{"embeddable":true,"href":"https:\/\/apajh43.fr\/index.php\/wp-json\/wp\/v2\/comments?post=357"}],"version-history":[{"count":5,"href":"https:\/\/apajh43.fr\/index.php\/wp-json\/wp\/v2\/pages\/357\/revisions"}],"predecessor-version":[{"id":1268,"href":"https:\/\/apajh43.fr\/index.php\/wp-json\/wp\/v2\/pages\/357\/revisions\/1268"}],"wp:attachment":[{"href":"https:\/\/apajh43.fr\/index.php\/wp-json\/wp\/v2\/media?parent=357"}],"curies":[{"name":"wp","href":"https:\/\/api.w.org\/{rel}","templated":true}]}}