{"id":40,"date":"2025-04-30T10:46:41","date_gmt":"2025-04-30T08:46:41","guid":{"rendered":"https:\/\/apajh43.fr\/?page_id=40"},"modified":"2025-06-12T15:04:43","modified_gmt":"2025-06-12T13:04:43","slug":"glossaire","status":"publish","type":"page","link":"https:\/\/apajh43.fr\/index.php\/glossaire\/","title":{"rendered":"Glossaire"},"content":{"rendered":"\t\t<div data-elementor-type=\"wp-page\" data-elementor-id=\"40\" class=\"elementor elementor-40\">\n\t\t\t\t<div class=\"elementor-element elementor-element-54b03d5 e-flex e-con-boxed e-con e-parent\" data-id=\"54b03d5\" data-element_type=\"container\" data-e-type=\"container\">\n\t\t\t\t\t<div class=\"e-con-inner\">\n\t\t\t\t<div class=\"elementor-element elementor-element-981d644 elementor-widget elementor-widget-heading\" data-id=\"981d644\" data-element_type=\"widget\" data-e-type=\"widget\" data-widget_type=\"heading.default\">\n\t\t\t\t<div class=\"elementor-widget-container\">\n\t\t\t\t\t<h1 class=\"elementor-heading-title elementor-size-default\">Glossaire<\/h1>\t\t\t\t<\/div>\n\t\t\t\t<\/div>\n\t\t\t\t\t<\/div>\n\t\t\t\t<\/div>\n\t\t<div class=\"elementor-element elementor-element-6a81b56 e-flex e-con-boxed e-con e-parent\" data-id=\"6a81b56\" data-element_type=\"container\" data-e-type=\"container\">\n\t\t\t\t\t<div class=\"e-con-inner\">\n\t\t\t\t<div class=\"elementor-element elementor-element-3dc68f4 elementor-widget elementor-widget-text-editor\" data-id=\"3dc68f4\" data-element_type=\"widget\" data-e-type=\"widget\" data-widget_type=\"text-editor.default\">\n\t\t\t\t<div class=\"elementor-widget-container\">\n\t\t\t\t\t\t\t\t\t<p>A.A.H. Allocation Adulte Handicap\u00e9s<br \/>A.C.F. Allocation Compensatrice pour frais Professionnels<br \/>A.C.T.P. Allocation Compensatrice pour Tierce Personne<br \/><br \/><br \/>A.D.A.P.E.I. Association D\u00e9partementale des Parents d\u2019Enfants Inadapt\u00e9s<br \/>A. D. M. R. Association du service \u00e0 domicile<br \/>A.E.M.O. Action Educative en Milieu Ouvert<br \/>A.E.S.H. Assistant d&rsquo;\u00e9l\u00e8ve en situation de handicap<br \/>A.E.E.H. Allocation d&rsquo;\u00e9ducation de l&rsquo;enfant handicap\u00e9<br \/>A.F.M. Association Francaise contre les Myopathies<br \/>A.F.P.A. Association nationale pour la formation professionnelle des adultes<br \/><br \/>\u00a0<br \/>A.G.E.F.I.P.H. Association nationale pour la Gestion des Fonds d\u2019Insertion Professionnelle des Handicap\u00e9s<br \/><br \/>\u00a0<br \/>A.M.P. Aide M\u00e9dico \u2013 Psychologique<br \/>A.N.E.S.M. Agence nationale de l&rsquo;\u00e9valuation et de la qualit\u00e9 des \u00e9tablissements et services sociaux et m\u00e9dico-sociaux<br \/><br \/>\u00a0\u00a0<br \/><br \/>A.P.A. Allocation Personnalis\u00e9e d\u2019Autonomie<br \/><br \/>\u00a0<br \/>A.P.A.J.H. Association Pour Adultes et Jeunes Handicap\u00e9s<br \/>A.P.E.I. Association de parents d&rsquo;enfants inadapt\u00e9s<br \/><br \/>\u00a0<br \/>A.P.F. <br \/>A.R.S. Agence R\u00e9gionale de Sant\u00e9<br \/>A.S.E. Aide Sociale \u00e0 l&rsquo;Enfance<br \/>A.S.H. Adaptation et scolarisation des enfants handicap\u00e9s<br \/>A.S.S. Allocation de solidarit\u00e9 sp\u00e9cifique<br \/><br \/>\u00a0<br \/>A.V.S. Auxiliaire de Vie Scolaire<br \/>A.V.S.I. Auxiliaire de vie individuelle<br \/>A.F.S.M. Auxiliaire de vie mutualis\u00e9e<br \/>A.V.S.C.O Auxiliiare de vie collective<br \/>\u00a0<br \/>\u00a0<br \/>CAE Contrat d&rsquo;Accompagnement dans l&rsquo;Emploi<br \/>CAF Caisse d&rsquo;Allocations Familiales<br \/>CAJ Centre d&rsquo;Accueil de Jour<br \/>C.A.M.S.P. Centre d\u2019Action M\u00e9dico-sociale Pr\u00e9coce<br \/><br \/>\u00a0<br \/>C.C.A.S. Centre Communal d\u2019Action Sociale<br \/><br \/>\u00a0<br \/>C.C.N.E. Comit\u00e9 Consultatif National d\u2019Ethique<br \/><br \/>\u00a0<br \/>C.D.A. Centre D\u00e9ficients Auditifs<br \/><br \/>\u00a0<br \/>C.D.A.P.H Commissions des droits et de l\u2019autonomie des personnes handicap\u00e9es<br \/><br \/>\u00a0<br \/>C.D.C.P.H. Conseil D\u00e9partemental Consultatif des Personnes Handicap\u00e9es<br \/>D.E.E.D.A. Centre d&rsquo;Education pour Enfants D\u00e9ficients Auditifs<br \/><br \/>\u00a0<br \/>C.H.R.S. Centre d\u2019H\u00e9bergement et de R\u00e9adaptation Sociale<br \/><br \/>\u00a0<br \/>C.I.E. Contrat Initiative-Emploi<br \/>C.I.O. Centre d&rsquo;Information et d&rsquo;orientation<br \/><br \/>\u00a0<br \/>C.L.I.S. Classe d\u2019Int\u00e9gration Scolaire<br \/>C.M.E. Commission M\u00e9dicale d&rsquo;Etablissement<br \/>C.M.I. carte Mobilit\u00e9 Inclusion<br \/>C.M.P. Centre M\u00e9dico P\u00e9dagogique<br \/><br \/><br \/>\u00a0<br \/>C.M.P.P. Centre M\u00e9dico Psycho \u2013 P\u00e9dagogique<br \/>C.N.C.P.H. Conseil National Consultatif des Personnes Handicap\u00e9es<br \/>C.N.E.D. Centre National d&rsquo;Enseignement \u00e0 Distance<br \/>C.N.I.T. Cour Nationale et l&rsquo;Incapacit\u00e9 et de la Tarification de l&rsquo;assurance des accidents du travail<br \/><br \/><br \/>\u00a0<br \/>C.N.S.A. Caisse Nationale de Solidarit\u00e9 pour l\u2019Autonomie<br \/>C.O.M.E.X. Commission Ex\u00e9cutive de la MDPH<br \/><br \/>\u00a0<br \/>C.P.A.M. Caisse Primaire d\u2019Assurance Maladie<br \/>C.P.R. Compl\u00e9ment de Ressources<br \/>C.R.F. Centre de R\u00e9\u00e9ducation Professionnelle<br \/><br \/>\u00a0<br \/>DDCSPP Direction D\u00e9partementale de la Coh\u00e9sion Sociale et de la Protection des Populations<br \/>DIRECCTE Direction R\u00e9gionale des Entreprises, de la Concurrence, de la Consommation, du Travail et de l&rsquo;Emploi<br \/>E.A. Entreprise Adapt\u00e9e<br \/><br \/>\u00a0<br \/>EGPA Enseignement G\u00e9n\u00e9ral et Professionnel Adapt\u00e9<br \/>EHPAD Etavlissement d&rsquo;H\u00e9bergement pour Personnes Ag\u00e9es D\u00e9pendante<br \/>EMS Etablissements M\u00e9dico-Sociaux<br \/>EP Equipe Pluridisciplinaire<br \/>EREA Etablissement R\u00e9gional d&rsquo;Enseignement Adapt\u00e9<br \/>E.S.A.T. Etablissement et Services d\u2019Aide par le Travail\u2028(ex C.A.T)<br \/>E.S.M.S. Etablissement social et m\u00e9dico-social<br \/>ESS Equipe de Suivi de Scolarisation<br \/>ETAPES Etablisszement Public Educatif et Social<br \/><br \/>\u00a0<br \/>F.A.M. Foyer d\u2019Accueil M\u00e9dicalis\u00e9<br \/>FDCH Fonds D\u00e9partemental de Compensation du Handicap<br \/>FH Foyer d&rsquo;Hebergement<br \/>FIPHFP Fonds pour l&rsquo;Insertion des Personnes Handicap\u00e9es dans la Fonction Publique<br \/>FNATH Association des Accident\u00e9s de la Vie<br \/>G.C.S.M.S. Groupement de Coop\u00e9ration Sociale et M\u00e9dico-Sociale<br \/>H.P.S.T. loi H\u00f4pital, Patients, Sant\u00e9 et Territoires<br \/>I.A.E. Insertion par l&rsquo;Activit\u00e9 Economique<br \/>I.E.M. Institut d&rsquo;Education Motrice<br \/>IES Institut d&rsquo;Education Sensorielle<br \/>IJS Institut des Jeunes Sourds<br \/><br \/><br \/>\u00a0<br \/>I.M.E. Institut M\u00e9dico &#8211; Educatif<br \/><br \/>\u00a0<br \/>I.M.P. Institut M\u00e9dico-P\u00e9dagogique<br \/><br \/>\u00a0<br \/>I.M.Pro. Institut M\u00e9dico \u2013 Professionnel<br \/>I.T.E.P. Instituts Th\u00e9rapeutiques Educatifs et P\u00e9dagogiques<br \/>LSF Langue des Signes Fran\u00e7aises<br \/><br \/>\u00a0<br \/>M.A.P.A.D. Maison d\u2019Accueil pour Personnes Ag\u00e9es D\u00e9pendantes<br \/><br \/>\u00a0<br \/>M.A.S. Maison d\u2019Accueil Sp\u00e9cialis\u00e9e<br \/>M.D.P.H. Maison d\u00e9partementale des personnes handicap\u00e9es<br \/><br \/>\u00a0<br \/>MECS Maison d\u2019Enfant \u00e0 Caract\u00e8re Social<br \/>MDS Maison des Solidarit\u00e9s<br \/>MPA Mat\u00e9riel P\u00e9dagogique Adapt\u00e9<br \/>MSA Mutialit\u00e9 Sociale Agricole<br \/>MTP Majoration tierce Personne<br \/><br \/>\u00a0<br \/>ORP Orientation Professionnelle<br \/>PAI Projet d&rsquo;Accueil Individualis\u00e9<br \/>PCH Prestation de Compensation du Handicap<br \/>P.J.J. Protection Judiciaire de la jeunesse<br \/>P.M.I. Protection Maternelle et Infantile<br \/>PPC Projet Personnalis\u00e9 de Compensation<br \/>PPRE Projet personnalis\u00e9 de R\u00e9ussite Educative<br \/>P.P.S. Projet Personnalis\u00e9 de Scolarisation<br \/>R.A.S.E.D. R\u00e9seau d&rsquo;Aides Sp\u00e9cialis\u00e9es aux El\u00e8ves en Difficult\u00e9<br \/>RQTH Reconnaissance de la Qualit\u00e9 de Travailleur Handicap\u00e9<br \/>RSA Revenu de solidarit\u00e9 active<br \/>S.A.M.S.A.H. Service d&rsquo;Accompagnement M\u00e9dico-Social pour Adultes Handicap\u00e9s<br \/>S.A.V.S. Service d&rsquo;Accompagnement \u00e0 la Vie Sociale<br \/><br \/><br \/>\u00a0<br \/>S.E.S.S.A.D. Service d\u2019Education Sp\u00e9ciale et de Soins \u00e0 Domicile<br \/><br \/>\u00a0<br \/>\u00a0\u00a0<br \/>S.S.E.F.I.S. Service de Soutien \u00e0 l\u2019Education Familiale et \u00e0 l\u2019Int\u00e9gration Sociale<br \/><br \/>S.S.E.S.A.D. Service de soins et d\u2019Education \u00e0 Domicile<br \/><br \/>S.S.E.S.D. Service de soins et d\u2019Education Sp\u00e9cialis\u00e9e \u00e0 Domicile<br \/><br \/>S.I.V.S. Service d\u2019Insertion \u00e0 la Vie Sociale<br \/><br \/>S.O.P. Syndicat G\u00e9n\u00e9ral des Organismes et \u0152uvres Priv\u00e9s sanitaires et sociaux<br \/><br \/>T.C.I. Tribunal du Contentieux de l\u2019Incapacit\u00e9<br \/>T.E.D. Troubles Envahissants du D\u00e9veloppement<br \/>T.S.A. Troubles Sp\u00e9cifiques des Apprentissages<br \/>T.S.L. Troubles Sp\u00e9cifiques du Langage<br \/><br \/><br \/>T.I.P.S. Tarif Interminist\u00e9riel des Prestations Sanitaires<br \/>U.D.A.P.E.I. Union D\u00e9partementale d&rsquo;Associations de Parents d&rsquo;Enfants Inadapt\u00e9s<br \/><br \/><br \/>UE Union d&rsquo;Enseignement<br \/>U.E.R.O.S. Unit\u00e9 Exp\u00e9rimentale d\u2019Evaluation, de R\u00e9entrainement et d\u2019Orientation Sociale et Professionnelle<br \/>UGECAM Union pour la Gestion des Etablissements des Caisses d&rsquo;Assurance<br \/>U.L.I.S. Unit\u00e9 localis\u00e9e pour l&rsquo;inclusion scolaire<br \/><br \/><br \/><br \/>U.N.A.F.A.M. Union Nationale des Amis et Familles de Malades Mentaux<br \/>U.N.A.P.E.I. Union Nationale des Associations de Parents et Amis de Personnes Handicap\u00e9es Mentales<br \/><br \/><br \/>U.P.I. Unit\u00e9 P\u00e9dagogique d\u2019Int\u00e9gration<br \/><br \/>U.V.E. Unit\u00e9 de Vie Ext\u00e9rieure (Service d\u2019H\u00e9bergement)<br \/><br \/>U.S.L.D. Unit\u00e9 de Soins Longue Dur\u00e9e<br \/><br \/>V.E.C.V. Votre Ecole Chez Vous<br \/>Z.R.R. Zone de Revitalisation Rurale<br \/><br \/><\/p>\t\t\t\t\t\t\t\t<\/div>\n\t\t\t\t<\/div>\n\t\t\t\t\t<\/div>\n\t\t\t\t<\/div>\n\t\t\t\t<\/div>\n\t\t","protected":false},"excerpt":{"rendered":"<p>Glossaire A.A.H. Allocation Adulte Handicap\u00e9sA.C.F. Allocation Compensatrice pour frais ProfessionnelsA.C.T.P. Allocation Compensatrice pour Tierce Personne A.D.A.P.E.I. Association D\u00e9partementale des Parents [&hellip;]<\/p>\n","protected":false},"author":1,"featured_media":0,"parent":0,"menu_order":0,"comment_status":"closed","ping_status":"closed","template":"","meta":{"site-sidebar-layout":"no-sidebar","site-content-layout":"plain-container","ast-site-content-layout":"full-width-container","site-content-style":"default","site-sidebar-style":"default","ast-global-header-display":"","ast-banner-title-visibility":"","ast-main-header-display":"","ast-hfb-above-header-display":"","ast-hfb-below-header-display":"","ast-hfb-mobile-header-display":"","site-post-title":"disabled","ast-breadcrumbs-content":"","ast-featured-img":"disabled","footer-sml-layout":"","ast-disable-related-posts":"","theme-transparent-header-meta":"enabled","adv-header-id-meta":"","stick-header-meta":"","header-above-stick-meta":"","header-main-stick-meta":"","header-below-stick-meta":"","astra-migrate-meta-layouts":"default","ast-page-background-enabled":"default","ast-page-background-meta":{"desktop":{"background-color":"var(--ast-global-color-5)","background-image":"","background-repeat":"repeat","background-position":"center center","background-size":"auto","background-attachment":"scroll","background-type":"","background-media":"","overlay-type":"","overlay-color":"","overlay-opacity":"","overlay-gradient":""},"tablet":{"background-color":"","background-image":"","background-repeat":"repeat","background-position":"center center","background-size":"auto","background-attachment":"scroll","background-type":"","background-media":"","overlay-type":"","overlay-color":"","overlay-opacity":"","overlay-gradient":""},"mobile":{"background-color":"","background-image":"","background-repeat":"repeat","background-position":"center center","background-size":"auto","background-attachment":"scroll","background-type":"","background-media":"","overlay-type":"","overlay-color":"","overlay-opacity":"","overlay-gradient":""}},"ast-content-background-meta":{"desktop":{"background-color":"var(--ast-global-color-4)","background-image":"","background-repeat":"repeat","background-position":"center center","background-size":"auto","background-attachment":"scroll","background-type":"","background-media":"","overlay-type":"","overlay-color":"","overlay-opacity":"","overlay-gradient":""},"tablet":{"background-color":"var(--ast-global-color-4)","background-image":"","background-repeat":"repeat","background-position":"center center","background-size":"auto","background-attachment":"scroll","background-type":"","background-media":"","overlay-type":"","overlay-color":"","overlay-opacity":"","overlay-gradient":""},"mobile":{"background-color":"var(--ast-global-color-4)","background-image":"","background-repeat":"repeat","background-position":"center center","background-size":"auto","background-attachment":"scroll","background-type":"","background-media":"","overlay-type":"","overlay-color":"","overlay-opacity":"","overlay-gradient":""}},"footnotes":""},"class_list":["post-40","page","type-page","status-publish","hentry"],"_links":{"self":[{"href":"https:\/\/apajh43.fr\/index.php\/wp-json\/wp\/v2\/pages\/40","targetHints":{"allow":["GET"]}}],"collection":[{"href":"https:\/\/apajh43.fr\/index.php\/wp-json\/wp\/v2\/pages"}],"about":[{"href":"https:\/\/apajh43.fr\/index.php\/wp-json\/wp\/v2\/types\/page"}],"author":[{"embeddable":true,"href":"https:\/\/apajh43.fr\/index.php\/wp-json\/wp\/v2\/users\/1"}],"replies":[{"embeddable":true,"href":"https:\/\/apajh43.fr\/index.php\/wp-json\/wp\/v2\/comments?post=40"}],"version-history":[{"count":8,"href":"https:\/\/apajh43.fr\/index.php\/wp-json\/wp\/v2\/pages\/40\/revisions"}],"predecessor-version":[{"id":1265,"href":"https:\/\/apajh43.fr\/index.php\/wp-json\/wp\/v2\/pages\/40\/revisions\/1265"}],"wp:attachment":[{"href":"https:\/\/apajh43.fr\/index.php\/wp-json\/wp\/v2\/media?parent=40"}],"curies":[{"name":"wp","href":"https:\/\/api.w.org\/{rel}","templated":true}]}}