{"id":619,"date":"2025-05-28T12:24:47","date_gmt":"2025-05-28T10:24:47","guid":{"rendered":"https:\/\/apajh43.fr\/?page_id=619"},"modified":"2026-02-13T14:25:13","modified_gmt":"2026-02-13T13:25:13","slug":"samsah-2","status":"publish","type":"page","link":"https:\/\/apajh43.fr\/index.php\/samsah-2\/","title":{"rendered":"SAMSAH"},"content":{"rendered":"\t\t<div data-elementor-type=\"wp-page\" data-elementor-id=\"619\" class=\"elementor elementor-619\">\n\t\t\t\t<div class=\"elementor-element elementor-element-342f95c e-flex e-con-boxed e-con e-parent\" data-id=\"342f95c\" data-element_type=\"container\" data-e-type=\"container\">\n\t\t\t\t\t<div class=\"e-con-inner\">\n\t\t\t\t\t<\/div>\n\t\t\t\t<\/div>\n\t\t<div class=\"elementor-element elementor-element-5rfpu4f e-flex e-con-boxed e-con e-parent\" data-id=\"5rfpu4f\" data-element_type=\"container\" data-e-type=\"container\" data-settings=\"{&quot;background_background&quot;:&quot;classic&quot;}\">\n\t\t\t\t\t<div class=\"e-con-inner\">\n\t\t<div class=\"elementor-element elementor-element-c104332 e-con-full e-flex e-con e-child\" data-id=\"c104332\" data-element_type=\"container\" data-e-type=\"container\">\n\t\t\t\t<div class=\"elementor-element elementor-element-25e01e3 elementor-widget elementor-widget-heading\" data-id=\"25e01e3\" data-element_type=\"widget\" data-e-type=\"widget\" data-widget_type=\"heading.default\">\n\t\t\t\t<div class=\"elementor-widget-container\">\n\t\t\t\t\t<h1 class=\"elementor-heading-title elementor-size-default\">SAMSAH<\/h1>\t\t\t\t<\/div>\n\t\t\t\t<\/div>\n\t\t\t\t<\/div>\n\t\t\t\t\t<\/div>\n\t\t\t\t<\/div>\n\t\t\t\t<section class=\"elementor-section elementor-top-section elementor-element elementor-element-01gq3rm elementor-section-content-middle elementor-section-boxed elementor-section-height-default elementor-section-height-default\" data-id=\"01gq3rm\" data-element_type=\"section\" data-e-type=\"section\" data-settings=\"{&quot;background_background&quot;:&quot;classic&quot;}\">\n\t\t\t\t\t\t<div class=\"elementor-container elementor-column-gap-no\">\n\t\t\t\t\t<div class=\"elementor-column elementor-col-50 elementor-top-column elementor-element elementor-element-c41f378\" data-id=\"c41f378\" data-element_type=\"column\" data-e-type=\"column\" data-settings=\"{&quot;background_background&quot;:&quot;classic&quot;}\">\n\t\t\t<div class=\"elementor-widget-wrap elementor-element-populated\">\n\t\t\t\t\t\t<div class=\"elementor-element elementor-element-55d464f elementor-widget elementor-widget-text-editor\" data-id=\"55d464f\" data-element_type=\"widget\" data-e-type=\"widget\" data-widget_type=\"text-editor.default\">\n\t\t\t\t<div class=\"elementor-widget-container\">\n\t\t\t\t\t\t\t\t\t<p style=\"font-size: 18px;font-style: normal;font-weight: 400\"><span style=\"font-weight: bold\">Directeur des Etablissements et Services : <\/span>Fr\u00e9d\u00e9ric RIDEAU<\/p><p style=\"font-size: 18px;font-style: normal;font-weight: 400\"><span style=\"font-weight: bold\">Directrice p\u00f4le adulte : <\/span>St\u00e9phanie POGORELY<\/p><p><strong>Cheffe de service : <\/strong>Sylvie THIALLIER<\/p><p>\u00a0<\/p><p style=\"font-size: 18px;font-style: normal;font-weight: 400\">18 personnes accompagn\u00e9es\u00a0<\/p><p>\u00a0<\/p><p style=\"font-size: 18px;font-style: normal;font-weight: 400\"><span style=\"font-weight: bold\">Adresse : <\/span>11 Rue de la Chauni\u00e8re <span style=\"font-style: inherit;font-weight: inherit\">43100 BRIOUDE<\/span><\/p><p style=\"font-size: 18px;font-style: normal;font-weight: 400\"><span style=\"font-weight: bold\">T\u00e9l\u00a0<\/span>: 04 71 00 23 42<\/p><p style=\"font-size: 18px;font-style: normal;font-weight: 400\"><span style=\"font-weight: bold\">Fax\u00a0<\/span>: 04 71 00 23 44<\/p><p style=\"font-size: 18px;font-style: normal;font-weight: 400\"><span style=\"font-weight: bold\">E-mail<\/span>\u00a0: secretariat.samsah@apajh43.fr<\/p>\t\t\t\t\t\t\t\t<\/div>\n\t\t\t\t<\/div>\n\t\t\t\t\t<\/div>\n\t\t<\/div>\n\t\t\t\t<div class=\"elementor-column elementor-col-50 elementor-top-column elementor-element elementor-element-57f14dc\" data-id=\"57f14dc\" data-element_type=\"column\" data-e-type=\"column\">\n\t\t\t<div class=\"elementor-widget-wrap elementor-element-populated\">\n\t\t\t\t\t\t<div class=\"elementor-element elementor-element-0e0528d elementor-widget elementor-widget-google_maps\" data-id=\"0e0528d\" data-element_type=\"widget\" data-e-type=\"widget\" data-widget_type=\"google_maps.default\">\n\t\t\t\t<div class=\"elementor-widget-container\">\n\t\t\t\t\t\t\t<div class=\"elementor-custom-embed\">\n\t\t\t<iframe loading=\"lazy\"\n\t\t\t\t\tsrc=\"https:\/\/maps.google.com\/maps?q=SAMSAH%2011%20Rue%20de%20la%20Chauni%C3%A8re%20%2043100%20BRIOUDE&#038;t=m&#038;z=16&#038;output=embed&#038;iwloc=near\"\n\t\t\t\t\ttitle=\"SAMSAH 11 Rue de la Chauni\u00e8re  43100 BRIOUDE\"\n\t\t\t\t\taria-label=\"SAMSAH 11 Rue de la Chauni\u00e8re  43100 BRIOUDE\"\n\t\t\t><\/iframe>\n\t\t<\/div>\n\t\t\t\t\t\t<\/div>\n\t\t\t\t<\/div>\n\t\t\t\t\t<\/div>\n\t\t<\/div>\n\t\t\t\t\t<\/div>\n\t\t<\/section>\n\t\t<div class=\"elementor-element elementor-element-15287a5 e-flex e-con-boxed e-con e-parent\" data-id=\"15287a5\" data-element_type=\"container\" data-e-type=\"container\">\n\t\t\t\t\t<div class=\"e-con-inner\">\n\t\t\t\t<div class=\"elementor-element elementor-element-90325b7 e-n-tabs-mobile elementor-widget elementor-widget-n-tabs\" data-id=\"90325b7\" data-element_type=\"widget\" data-e-type=\"widget\" data-settings=\"{&quot;horizontal_scroll&quot;:&quot;disable&quot;}\" data-widget_type=\"nested-tabs.default\">\n\t\t\t\t<div class=\"elementor-widget-container\">\n\t\t\t\t\t\t\t<div class=\"e-n-tabs\" data-widget-number=\"151201207\" aria-label=\"Onglets. Ouvrez des \u00e9l\u00e9ments avec Entrer ou Espace, fermez-les avec Echape et naviguez \u00e0 l&#039;aide des touches fl\u00e9ch\u00e9es.\">\n\t\t\t<div class=\"e-n-tabs-heading\" role=\"tablist\">\n\t\t\t\t\t<button id=\"e-n-tab-title-1512012071\" data-tab-title-id=\"e-n-tab-title-1512012071\" class=\"e-n-tab-title\" aria-selected=\"true\" data-tab-index=\"1\" role=\"tab\" tabindex=\"0\" aria-controls=\"e-n-tab-content-1512012071\" style=\"--n-tabs-title-order: 1;\">\n\t\t\t\t\t\t<span class=\"e-n-tab-title-text\">\n\t\t\t\tPr\u00e9sentation du service\t\t\t<\/span>\n\t\t<\/button>\n\t\t\t\t<button id=\"e-n-tab-title-1512012072\" data-tab-title-id=\"e-n-tab-title-1512012072\" class=\"e-n-tab-title\" aria-selected=\"false\" data-tab-index=\"2\" role=\"tab\" tabindex=\"-1\" aria-controls=\"e-n-tab-content-1512012072\" style=\"--n-tabs-title-order: 2;\">\n\t\t\t\t\t\t<span class=\"e-n-tab-title-text\">\n\t\t\t\tAccompagnement\t\t\t<\/span>\n\t\t<\/button>\n\t\t\t\t<button id=\"e-n-tab-title-1512012073\" data-tab-title-id=\"e-n-tab-title-1512012073\" class=\"e-n-tab-title\" aria-selected=\"false\" data-tab-index=\"3\" role=\"tab\" tabindex=\"-1\" aria-controls=\"e-n-tab-content-1512012073\" style=\"--n-tabs-title-order: 3;\">\n\t\t\t\t\t\t<span class=\"e-n-tab-title-text\">\n\t\t\t\tService\t\t\t<\/span>\n\t\t<\/button>\n\t\t\t\t\t<\/div>\n\t\t\t<div class=\"e-n-tabs-content\">\n\t\t\t\t<div id=\"e-n-tab-content-1512012071\" role=\"tabpanel\" aria-labelledby=\"e-n-tab-title-1512012071\" data-tab-index=\"1\" style=\"--n-tabs-title-order: 1;\" class=\"e-active elementor-element elementor-element-136c36e e-con-full e-flex e-con e-child\" data-id=\"136c36e\" data-element_type=\"container\" data-e-type=\"container\">\n\t\t<div class=\"elementor-element elementor-element-6873c70 e-flex e-con-boxed e-con e-child\" data-id=\"6873c70\" data-element_type=\"container\" data-e-type=\"container\">\n\t\t\t\t\t<div class=\"e-con-inner\">\n\t\t\t\t<div class=\"elementor-element elementor-element-38c2fa0 elementor-widget elementor-widget-text-editor\" data-id=\"38c2fa0\" data-element_type=\"widget\" data-e-type=\"widget\" data-widget_type=\"text-editor.default\">\n\t\t\t\t<div class=\"elementor-widget-container\">\n\t\t\t\t\t\t\t\t\t<p>Le SAMSAH accueille et accompagne des personnes adultes en situation de handicap vivant \u00e0 domicile, au domicile de leurs parents ou en familles d\u2019accueil.<\/p><p>Ces personnes peuvent \u00eatre atteintes de handicap physique, moteur, psychique, ou de plusieurs handicaps associ\u00e9s. L\u2019orientation vers le service est toujours notifi\u00e9e par la MDPH.<br \/>Le secteur d\u2019intervention du service se situe sur l&rsquo;Ouest du d\u00e9partement de la Haute-Loire : Territoire Lafayette (Auzon\/Brioude\/Langeac\/Saugues).<\/p><p>Le SAMSAH a pour vocation, de proposer un accompagnement m\u00e9dico-social adapt\u00e9, comportant des prestations de soins, ainsi que des prestations sociales, culturelles et de loisirs et ainsi de contribuer \u00e0 la r\u00e9alisation du projet de vie des personnes handicap\u00e9es tout en favorisant le maintien ou la restauration des liens familiaux, sociaux, universitaires ou professionnels et l\u2019acc\u00e8s \u00e0 l\u2019ensemble des services offerts par la collectivit\u00e9.Le SAMSAH, en permettant le maintien \u00e0 domicile, constitue une r\u00e9elle alternative \u00e0 l&rsquo;admission en institution. Afin de mener \u00e0 bien ce projet de vie, nous avons pour missions :<\/p><ul><li>d\u2019 \u00e9valuer les besoins et les capacit\u00e9s d\u2019autonomie<\/li><li>de favoriser la r\u00e9alisation du projet de vie par un accompagnement adapt\u00e9<\/li><\/ul><p>\u00a0<\/p><p>Le SAMSAH dispensant un accompagnement tant sur le volet social que sur le volet m\u00e9dical, son financement rel\u00e8ve \u00e0 la fois du Conseil D\u00e9partemental 43 pour le volet social, de l\u2019ARS pour le volet soin.<\/p><p>L\u2019accompagnement est assur\u00e9 par une \u00e9quipe de professionnels du secteur m\u00e9dical, param\u00e9dical et social. Sa composition est la suivante : (Directrice, Cheffe de Service, M\u00e9decin, Psychologue, Infirmi\u00e8re Coordinatrice, Educatrice sp\u00e9cialis\u00e9e, Assistante sociale, Psychomotricienne, Ergoth\u00e9rapeute, Aides soignantes, Secr\u00e9taire), soit 5,20 ETP.<br \/>Le service dispose d\u2019un agr\u00e9ment pour 10 accompagnements avec une logique de file active.<\/p>\t\t\t\t\t\t\t\t<\/div>\n\t\t\t\t<\/div>\n\t\t\t\t\t<\/div>\n\t\t\t\t<\/div>\n\t\t\t\t<\/div>\n\t\t<div id=\"e-n-tab-content-1512012072\" role=\"tabpanel\" aria-labelledby=\"e-n-tab-title-1512012072\" data-tab-index=\"2\" style=\"--n-tabs-title-order: 2;\" class=\" elementor-element elementor-element-c702148 e-con-full e-flex e-con e-child\" data-id=\"c702148\" data-element_type=\"container\" data-e-type=\"container\">\n\t\t<div class=\"elementor-element elementor-element-7eb982d e-flex e-con-boxed e-con e-child\" data-id=\"7eb982d\" data-element_type=\"container\" data-e-type=\"container\">\n\t\t\t\t\t<div class=\"e-con-inner\">\n\t\t\t\t<div class=\"elementor-element elementor-element-b0fe962 elementor-widget elementor-widget-text-editor\" data-id=\"b0fe962\" data-element_type=\"widget\" data-e-type=\"widget\" data-widget_type=\"text-editor.default\">\n\t\t\t\t<div class=\"elementor-widget-container\">\n\t\t\t\t\t\t\t\t\t<h4>L\u2019accompagnement au SAMSAH s\u2019appuie sur les valeurs suivantes :<\/h4><p>\u00ab\u00a0Prendre le temps d\u2019accueillir, c\u2019est d\u00e9j\u00e0 construire la relation\u00a0\u00bb<br \/>\u00ab\u00a0Accompagner et cheminer avec chaque personne de l\u00e0 o\u00f9 elle en est, porter attention et vigilance \u00e0 son existence, \u00e0 ses aspirations et capacit\u00e9s\u00a0\u00bb.<br \/>\u00ab\u00a0Chaque personne est reconnue dans son int\u00e9grit\u00e9 morale et physique\u00a0 et reste actrice dans la r\u00e9alisation de son projet de vie\u00a0\u00bb.<br \/>Les objectifs sont de construire avec la personne et son entourage une relation de confiance qui garantit la construction d\u2019une r\u00e9elle relation tout au long de\u00a0 l\u2019accompagnement.<\/p><h4>L\u2019accompagnement se d\u00e9cline de la fa\u00e7on suivante :<\/h4><p><strong>1. L&rsquo;accueil<\/strong><br \/>Ce premier temps est n\u00e9cessaire pour la personne et son entourage c\u2019est un moyen d\u2019\u00eatre rassur\u00e9 et de favoriser une mise en place optimale de l\u2019accompagnement et de l\u2019intervention au domicile. Cette premi\u00e8re rencontre permet de pr\u00e9senter le service et \u00e0 la personne et son entourage de faire part de leurs attentes et inqui\u00e9tudes.<br \/><br \/><strong>2. Le recueil d\u2019informations<\/strong><br \/>Cette \u00e9tape est centr\u00e9e sur l\u2019histoire de la personne et celle de son entourage. Chacun arrive avec un v\u00e9cu, une situation particuli\u00e8re et des attentes li\u00e9es \u00e0 sa situation. Ce recueil d\u2019informations permet l\u2019\u00e9laboration d\u2019hypoth\u00e8ses d\u2019accompagnement.<\/p><p><strong>3. La phase d\u2019admission<\/strong><br \/>Un temps est n\u00e9cessaire pour permettre \u00e0 chacun de se conna\u00eetre. Il doit favoriser l\u2019instauration d\u2019une relation de confiance entre l\u2019\u00e9quipe du SAMSAH, le b\u00e9n\u00e9ficiaire, son entourage et les personnes intervenant aupr\u00e8s de lui. Cette p\u00e9riode va permettre aux professionnels d\u2019affiner l\u2019\u00e9valuation et de commencer \u00e0 mettre en place un planning d\u2019interventions.<\/p><p><strong>4. L&rsquo;accompagnement personnalis\u00e9<\/strong><br \/>Les premiers temps d&rsquo;accompagnement vont permetre de cr\u00e9er le lien, proposer des accompagnements, faire \u00e9merger des besoins et attentes, r\u00e9ajuster les interventions si besoin, conna\u00eetre le r\u00e9seau et les partenaires pr\u00e9sents dans l&rsquo;entourage de la personne.<\/p><p>Cette connaissance en amont de la situation est n\u00e9cessaire pour l&rsquo;\u00e9quipe \u00e0 l&rsquo;\u00e9laboration du projet personnalis\u00e9. Le temps de cr\u00e9ation du lien est n\u00e9cessaire pour la personne et son entourage pour accepter l&rsquo;intervention \u00e0 domicile et se projeter dans l&rsquo;appropriation de ses d\u00e9sirs et attentes.<\/p><p>Les interventions tout au long de l&rsquo;accompagnement sont en coh\u00e9rence avec le projet de la personne. Toutefois, si des\u00a0modifications apparaissent dans la situation de la personne, le projet peut \u00eatre r\u00e9ajust\u00e9. Dans ce cas, elle sont toujours associ\u00e9e \u00e0 celles-ci.<\/p><div><strong>5. Fin de l\u2019accompagnement<\/strong><br \/>Le SAMSAH accompagne chaque personne \u00e0 un moment de sa vie.\u00a0 La dur\u00e9e d&rsquo;accompanement est de 2 ans renouvelable une fois.<\/div><div>Dans tous les cas, la raison de la fin de prise en charge est particuli\u00e8re \u00e0 chaque personne.<\/div><div>La fin de l&rsquo;accompagnement par le service est pr\u00e9par\u00e9e avec la personne, son entourage et de nouveaux partenaires si besoin.<\/div><div>\u00a0<\/div>\t\t\t\t\t\t\t\t<\/div>\n\t\t\t\t<\/div>\n\t\t\t\t\t<\/div>\n\t\t\t\t<\/div>\n\t\t\t\t<\/div>\n\t\t<div id=\"e-n-tab-content-1512012073\" role=\"tabpanel\" aria-labelledby=\"e-n-tab-title-1512012073\" data-tab-index=\"3\" style=\"--n-tabs-title-order: 3;\" class=\" elementor-element elementor-element-eac6b27 e-con-full e-flex e-con e-child\" data-id=\"eac6b27\" data-element_type=\"container\" data-e-type=\"container\">\n\t\t<div class=\"elementor-element elementor-element-0a05136 e-flex e-con-boxed e-con e-child\" data-id=\"0a05136\" data-element_type=\"container\" data-e-type=\"container\">\n\t\t\t\t\t<div class=\"e-con-inner\">\n\t\t\t\t<div class=\"elementor-element elementor-element-2e43c29 elementor-widget elementor-widget-text-editor\" data-id=\"2e43c29\" data-element_type=\"widget\" data-e-type=\"widget\" data-widget_type=\"text-editor.default\">\n\t\t\t\t<div class=\"elementor-widget-container\">\n\t\t\t\t\t\t\t\t\t<p>Conform\u00e9ment au d\u00e9cret relatif au SAMSAH, les prestations sont \u00e0 la fois sur le volet soin et le volet social. Quelque soit le type d\u2019intervention, il ne s\u2019agit pas de fractionner les actes, mais bien de les regrouper.<\/p><div>\u00a0<\/div><div>La personne est vue comme un \u00eatre unique, elle est accompagn\u00e9e dans sa globalit\u00e9. Le prendre soin s\u2019applique tant au psychique qu\u2019au physique de la personne.<br \/>\u00ab\u00a0Apporter un mieux \u00eatre corporel permet \u00e0 la personne de s\u2019investir psychiquement dans de nouveaux d\u00e9sirs\u00a0\u00bb.<br \/>\u00ab\u00a0Permettre \u00e0 la personne de s\u2019inscrire dans une dynamique de d\u00e9sirs sociaux, de reprendre soin d\u2019elle\u00a0\u00bb.<br \/>\u00ab\u00a0Permettre \u00e0 la personne d\u2019\u00eatre mieux psychiquement et soutenir son estime de soi peut l\u2019aider dans l\u2019acceptation de sa situation induite par le handicap\u00a0\u00bb.<br \/>\u00ab\u00a0Rendre possible l\u2019accessibilit\u00e9 \u00e0 une vie citoyenne et aux soins reste aussi un support \u00e0 ce mieux \u00eatre\u00a0\u00bb.<br \/>\u00ab\u00a0Lutter contre l\u2019isolement favoriser l\u2019acc\u00e8s \u00e0 une vie sociale, citoyenne\u00bb.<\/div><div>Les interventions ont lieu tant au domicile de la personne que dans tous les lieux qu\u2019elle est amen\u00e9e \u00e0 fr\u00e9quenter pour mener \u00e0 bien son projet de vie.<\/div><div>\u00a0<\/div><div>Les prestations s\u2019adressent soit \u00e0 la personne seule, soit \u00e0 un groupe. Les prestations ont toutes comme objectifs de favoriser l\u2019autonomie, de permettre \u00e0 la personne d\u2019exprimer ses potentialit\u00e9s dans sa vie quotidienne, ses relations sociales, ses loisirs et de veiller \u00e0 son confort de vie.<\/div><div>\u00a0<\/div><div>Les temps de partage avec d\u2019autres sur le v\u00e9cu, sur la situation, la maladie, l\u2019histoire personnelle aide \u00e0 prendre de la distance par rapport aux difficult\u00e9s et permet de s\u2019engager dans de nouveaux d\u00e9sirs. C\u2019est-\u00e0-dire ne plus \u00eatre que dans sa maladie, mais vivre avec et vivre avec les autres.<\/div>\t\t\t\t\t\t\t\t<\/div>\n\t\t\t\t<\/div>\n\t\t\t\t\t<\/div>\n\t\t\t\t<\/div>\n\t\t\t\t<\/div>\n\t\t\t\t\t<\/div>\n\t\t<\/div>\n\t\t\t\t\t\t<\/div>\n\t\t\t\t<\/div>\n\t\t\t\t\t<\/div>\n\t\t\t\t<\/div>\n\t\t<div class=\"elementor-element elementor-element-3e0d2a8 e-flex e-con-boxed e-con e-parent\" data-id=\"3e0d2a8\" data-element_type=\"container\" data-e-type=\"container\">\n\t\t\t\t\t<div class=\"e-con-inner\">\n\t\t\t\t<div class=\"elementor-element elementor-element-00aab0c elementor-align-center elementor-widget elementor-widget-button\" data-id=\"00aab0c\" data-element_type=\"widget\" data-e-type=\"widget\" data-widget_type=\"button.default\">\n\t\t\t\t<div class=\"elementor-widget-container\">\n\t\t\t\t\t\t\t\t\t<div class=\"elementor-button-wrapper\">\n\t\t\t\t\t<a class=\"elementor-button elementor-button-link elementor-size-sm\" href=\"https:\/\/apajh43.fr\/wp-content\/uploads\/2025\/06\/05-Rapport-dActivite-2024-SAMSAH-Lafayette-.pdf\" target=\"_blank\">\n\t\t\t\t\t\t<span class=\"elementor-button-content-wrapper\">\n\t\t\t\t\t\t\t\t\t<span class=\"elementor-button-text\">Rapport d'activit\u00e9 2024<\/span>\n\t\t\t\t\t<\/span>\n\t\t\t\t\t<\/a>\n\t\t\t\t<\/div>\n\t\t\t\t\t\t\t\t<\/div>\n\t\t\t\t<\/div>\n\t\t\t\t\t<\/div>\n\t\t\t\t<\/div>\n\t\t<div class=\"elementor-element elementor-element-679afb8 e-flex e-con-boxed e-con e-parent\" data-id=\"679afb8\" data-element_type=\"container\" data-e-type=\"container\">\n\t\t\t\t\t<div class=\"e-con-inner\">\n\t\t\t\t<div class=\"elementor-element elementor-element-5320606 elementor-widget elementor-widget-heading\" data-id=\"5320606\" data-element_type=\"widget\" data-e-type=\"widget\" data-widget_type=\"heading.default\">\n\t\t\t\t<div class=\"elementor-widget-container\">\n\t\t\t\t\t<h2 class=\"elementor-heading-title elementor-size-default\">Actualit\u00e9s du service<\/h2>\t\t\t\t<\/div>\n\t\t\t\t<\/div>\n\t\t\t\t\t<\/div>\n\t\t\t\t<\/div>\n\t\t<div class=\"elementor-element elementor-element-5d0388e e-flex e-con-boxed e-con e-parent\" data-id=\"5d0388e\" data-element_type=\"container\" data-e-type=\"container\">\n\t\t\t\t\t<div class=\"e-con-inner\">\n\t\t\t\t<div class=\"elementor-element elementor-element-fc6869d elementor-grid-eael-col-3 elementor-grid-tablet-eael-col-2 elementor-grid-mobile-eael-col-1 elementor-widget elementor-widget-eael-post-grid\" data-id=\"fc6869d\" data-element_type=\"widget\" data-e-type=\"widget\" data-settings=\"{&quot;eael_post_grid_columns&quot;:&quot;eael-col-3&quot;,&quot;eael_post_grid_columns_tablet&quot;:&quot;eael-col-2&quot;,&quot;eael_post_grid_columns_mobile&quot;:&quot;eael-col-1&quot;}\" data-widget_type=\"eael-post-grid.default\">\n\t\t\t\t<div class=\"elementor-widget-container\">\n\t\t\t\t\t<div id=\"eael-post-grid-fc6869d\" class=\"eael-post-grid-container\">\n            <div class=\"eael-post-grid eael-post-appender eael-post-appender-fc6869d eael-post-grid-style-two\" data-layout-mode=\"masonry\"><p class=\"no-posts-found\">No posts found!<\/p><\/div>\n            <div class=\"clearfix\"><\/div>\n        <\/div>\t\t\t\t<\/div>\n\t\t\t\t<\/div>\n\t\t\t\t\t<\/div>\n\t\t\t\t<\/div>\n\t\t<div class=\"elementor-element elementor-element-621d0fe e-flex e-con-boxed e-con e-parent\" data-id=\"621d0fe\" data-element_type=\"container\" data-e-type=\"container\">\n\t\t\t\t\t<div class=\"e-con-inner\">\n\t\t\t\t<div class=\"elementor-element elementor-element-794231b elementor-align-center elementor-widget elementor-widget-button\" data-id=\"794231b\" data-element_type=\"widget\" data-e-type=\"widget\" data-widget_type=\"button.default\">\n\t\t\t\t<div class=\"elementor-widget-container\">\n\t\t\t\t\t\t\t\t\t<div class=\"elementor-button-wrapper\">\n\t\t\t\t\t<a class=\"elementor-button elementor-button-link elementor-size-sm elementor-animation-grow\" href=\"https:\/\/apajh43.fr\/index.php\/actualites\/\">\n\t\t\t\t\t\t<span class=\"elementor-button-content-wrapper\">\n\t\t\t\t\t\t\t\t\t<span class=\"elementor-button-text\">D\u00e9couvrir toutes les actualit\u00e9s<\/span>\n\t\t\t\t\t<\/span>\n\t\t\t\t\t<\/a>\n\t\t\t\t<\/div>\n\t\t\t\t\t\t\t\t<\/div>\n\t\t\t\t<\/div>\n\t\t\t\t\t<\/div>\n\t\t\t\t<\/div>\n\t\t\t\t<\/div>\n\t\t","protected":false},"excerpt":{"rendered":"<p>SAMSAH Directeur des Etablissements et Services : Fr\u00e9d\u00e9ric RIDEAU Directrice p\u00f4le adulte : St\u00e9phanie POGORELY Cheffe de service : Sylvie [&hellip;]<\/p>\n","protected":false},"author":1,"featured_media":669,"parent":0,"menu_order":0,"comment_status":"closed","ping_status":"closed","template":"","meta":{"site-sidebar-layout":"no-sidebar","site-content-layout":"","ast-site-content-layout":"full-width-container","site-content-style":"default","site-sidebar-style":"default","ast-global-header-display":"","ast-banner-title-visibility":"","ast-main-header-display":"","ast-hfb-above-header-display":"","ast-hfb-below-header-display":"","ast-hfb-mobile-header-display":"","site-post-title":"disabled","ast-breadcrumbs-content":"","ast-featured-img":"disabled","footer-sml-layout":"","ast-disable-related-posts":"","theme-transparent-header-meta":"","adv-header-id-meta":"","stick-header-meta":"","header-above-stick-meta":"","header-main-stick-meta":"","header-below-stick-meta":"","astra-migrate-meta-layouts":"default","ast-page-background-enabled":"default","ast-page-background-meta":{"desktop":{"background-color":"var(--ast-global-color-5)","background-image":"","background-repeat":"repeat","background-position":"center center","background-size":"auto","background-attachment":"scroll","background-type":"","background-media":"","overlay-type":"","overlay-color":"","overlay-opacity":"","overlay-gradient":""},"tablet":{"background-color":"","background-image":"","background-repeat":"repeat","background-position":"center center","background-size":"auto","background-attachment":"scroll","background-type":"","background-media":"","overlay-type":"","overlay-color":"","overlay-opacity":"","overlay-gradient":""},"mobile":{"background-color":"","background-image":"","background-repeat":"repeat","background-position":"center center","background-size":"auto","background-attachment":"scroll","background-type":"","background-media":"","overlay-type":"","overlay-color":"","overlay-opacity":"","overlay-gradient":""}},"ast-content-background-meta":{"desktop":{"background-color":"var(--ast-global-color-4)","background-image":"","background-repeat":"repeat","background-position":"center center","background-size":"auto","background-attachment":"scroll","background-type":"","background-media":"","overlay-type":"","overlay-color":"","overlay-opacity":"","overlay-gradient":""},"tablet":{"background-color":"var(--ast-global-color-4)","background-image":"","background-repeat":"repeat","background-position":"center center","background-size":"auto","background-attachment":"scroll","background-type":"","background-media":"","overlay-type":"","overlay-color":"","overlay-opacity":"","overlay-gradient":""},"mobile":{"background-color":"var(--ast-global-color-4)","background-image":"","background-repeat":"repeat","background-position":"center center","background-size":"auto","background-attachment":"scroll","background-type":"","background-media":"","overlay-type":"","overlay-color":"","overlay-opacity":"","overlay-gradient":""}},"footnotes":""},"class_list":["post-619","page","type-page","status-publish","has-post-thumbnail","hentry"],"_links":{"self":[{"href":"https:\/\/apajh43.fr\/index.php\/wp-json\/wp\/v2\/pages\/619","targetHints":{"allow":["GET"]}}],"collection":[{"href":"https:\/\/apajh43.fr\/index.php\/wp-json\/wp\/v2\/pages"}],"about":[{"href":"https:\/\/apajh43.fr\/index.php\/wp-json\/wp\/v2\/types\/page"}],"author":[{"embeddable":true,"href":"https:\/\/apajh43.fr\/index.php\/wp-json\/wp\/v2\/users\/1"}],"replies":[{"embeddable":true,"href":"https:\/\/apajh43.fr\/index.php\/wp-json\/wp\/v2\/comments?post=619"}],"version-history":[{"count":64,"href":"https:\/\/apajh43.fr\/index.php\/wp-json\/wp\/v2\/pages\/619\/revisions"}],"predecessor-version":[{"id":3076,"href":"https:\/\/apajh43.fr\/index.php\/wp-json\/wp\/v2\/pages\/619\/revisions\/3076"}],"wp:featuredmedia":[{"embeddable":true,"href":"https:\/\/apajh43.fr\/index.php\/wp-json\/wp\/v2\/media\/669"}],"wp:attachment":[{"href":"https:\/\/apajh43.fr\/index.php\/wp-json\/wp\/v2\/media?parent=619"}],"curies":[{"name":"wp","href":"https:\/\/api.w.org\/{rel}","templated":true}]}}