{"id":636,"date":"2025-05-28T15:58:32","date_gmt":"2025-05-28T13:58:32","guid":{"rendered":"https:\/\/apajh43.fr\/?page_id=636"},"modified":"2026-02-13T14:47:46","modified_gmt":"2026-02-13T13:47:46","slug":"poc-2","status":"publish","type":"page","link":"https:\/\/apajh43.fr\/index.php\/poc-2\/","title":{"rendered":"POC"},"content":{"rendered":"\t\t<div data-elementor-type=\"wp-page\" data-elementor-id=\"636\" class=\"elementor elementor-636\">\n\t\t\t\t<div class=\"elementor-element elementor-element-342f95c e-flex e-con-boxed e-con e-parent\" data-id=\"342f95c\" data-element_type=\"container\" data-e-type=\"container\">\n\t\t\t\t\t<div class=\"e-con-inner\">\n\t\t\t\t\t<\/div>\n\t\t\t\t<\/div>\n\t\t<div class=\"elementor-element elementor-element-5rfpu4f e-flex e-con-boxed e-con e-parent\" data-id=\"5rfpu4f\" data-element_type=\"container\" data-e-type=\"container\" data-settings=\"{&quot;background_background&quot;:&quot;classic&quot;}\">\n\t\t\t\t\t<div class=\"e-con-inner\">\n\t\t<div class=\"elementor-element elementor-element-c104332 e-con-full e-flex e-con e-child\" data-id=\"c104332\" data-element_type=\"container\" data-e-type=\"container\">\n\t\t\t\t<div class=\"elementor-element elementor-element-25e01e3 elementor-widget elementor-widget-heading\" data-id=\"25e01e3\" data-element_type=\"widget\" data-e-type=\"widget\" data-widget_type=\"heading.default\">\n\t\t\t\t<div class=\"elementor-widget-container\">\n\t\t\t\t\t<h1 class=\"elementor-heading-title elementor-size-default\">POC<\/h1>\t\t\t\t<\/div>\n\t\t\t\t<\/div>\n\t\t\t\t<\/div>\n\t\t\t\t\t<\/div>\n\t\t\t\t<\/div>\n\t\t\t\t<section class=\"elementor-section elementor-top-section elementor-element elementor-element-01gq3rm elementor-section-content-middle elementor-section-boxed elementor-section-height-default elementor-section-height-default\" data-id=\"01gq3rm\" data-element_type=\"section\" data-e-type=\"section\" data-settings=\"{&quot;background_background&quot;:&quot;classic&quot;}\">\n\t\t\t\t\t\t<div class=\"elementor-container elementor-column-gap-no\">\n\t\t\t\t\t<div class=\"elementor-column elementor-col-50 elementor-top-column elementor-element elementor-element-c41f378\" data-id=\"c41f378\" data-element_type=\"column\" data-e-type=\"column\" data-settings=\"{&quot;background_background&quot;:&quot;classic&quot;}\">\n\t\t\t<div class=\"elementor-widget-wrap elementor-element-populated\">\n\t\t\t\t\t\t<div class=\"elementor-element elementor-element-55d464f elementor-widget elementor-widget-text-editor\" data-id=\"55d464f\" data-element_type=\"widget\" data-e-type=\"widget\" data-widget_type=\"text-editor.default\">\n\t\t\t\t<div class=\"elementor-widget-container\">\n\t\t\t\t\t\t\t\t\t<p><b>Directeur des \u00c9tablissements et Services : <\/b>Fr\u00e9d\u00e9ric RIDEAU<\/p><p><b>Directeur p\u00f4le enfant : <\/b>Damien TERLE<\/p><p>\u00a0<\/p><p><span style=\"text-decoration: underline\"><strong>L\u2019\u00c9quipe :<\/strong><\/span><\/p><ul><li><span style=\"font-size: 16px\">Un m\u00e9decin neurop\u00e9diatre<\/span><\/li><li>Deux coordinateurs de parcours<\/li><\/ul>\t\t\t\t\t\t\t\t<\/div>\n\t\t\t\t<\/div>\n\t\t\t\t\t<\/div>\n\t\t<\/div>\n\t\t\t\t<div class=\"elementor-column elementor-col-50 elementor-top-column elementor-element elementor-element-57f14dc\" data-id=\"57f14dc\" data-element_type=\"column\" data-e-type=\"column\">\n\t\t\t<div class=\"elementor-widget-wrap elementor-element-populated\">\n\t\t\t\t\t\t<div class=\"elementor-element elementor-element-0e0528d elementor-widget elementor-widget-google_maps\" data-id=\"0e0528d\" data-element_type=\"widget\" data-e-type=\"widget\" data-widget_type=\"google_maps.default\">\n\t\t\t\t<div class=\"elementor-widget-container\">\n\t\t\t\t\t\t\t<div class=\"elementor-custom-embed\">\n\t\t\t<iframe loading=\"lazy\"\n\t\t\t\t\tsrc=\"https:\/\/maps.google.com\/maps?q=SAMSAH%2011%20Rue%20de%20la%20Chauni%C3%A8re%20%2043100%20BRIOUDE&#038;t=m&#038;z=16&#038;output=embed&#038;iwloc=near\"\n\t\t\t\t\ttitle=\"SAMSAH 11 Rue de la Chauni\u00e8re  43100 BRIOUDE\"\n\t\t\t\t\taria-label=\"SAMSAH 11 Rue de la Chauni\u00e8re  43100 BRIOUDE\"\n\t\t\t><\/iframe>\n\t\t<\/div>\n\t\t\t\t\t\t<\/div>\n\t\t\t\t<\/div>\n\t\t\t\t\t<\/div>\n\t\t<\/div>\n\t\t\t\t\t<\/div>\n\t\t<\/section>\n\t\t<div class=\"elementor-element elementor-element-096414d e-flex e-con-boxed e-con e-parent\" data-id=\"096414d\" data-element_type=\"container\" data-e-type=\"container\">\n\t\t\t\t\t<div class=\"e-con-inner\">\n\t\t<div class=\"elementor-element elementor-element-7444611 e-con-full e-flex e-con e-child\" data-id=\"7444611\" data-element_type=\"container\" data-e-type=\"container\">\n\t\t<div class=\"elementor-element elementor-element-eac0acd e-con-full e-flex e-con e-child\" data-id=\"eac0acd\" data-element_type=\"container\" data-e-type=\"container\">\n\t\t<div class=\"elementor-element elementor-element-a695be7 e-con-full e-flex e-con e-child\" data-id=\"a695be7\" data-element_type=\"container\" data-e-type=\"container\">\n\t\t<div class=\"elementor-element elementor-element-aca27bc e-con-full e-flex e-con e-child\" data-id=\"aca27bc\" data-element_type=\"container\" data-e-type=\"container\">\n\t\t<div class=\"elementor-element elementor-element-07bf9c1 e-con-full e-flex e-con e-child\" data-id=\"07bf9c1\" data-element_type=\"container\" data-e-type=\"container\">\n\t\t<div class=\"elementor-element elementor-element-0201475 e-con-full e-flex e-con e-child\" data-id=\"0201475\" data-element_type=\"container\" data-e-type=\"container\">\n\t\t\t\t<div class=\"elementor-element elementor-element-adb47d5 e-n-tabs-mobile elementor-widget elementor-widget-n-tabs\" data-id=\"adb47d5\" data-element_type=\"widget\" data-e-type=\"widget\" data-settings=\"{&quot;horizontal_scroll&quot;:&quot;disable&quot;}\" data-widget_type=\"nested-tabs.default\">\n\t\t\t\t<div class=\"elementor-widget-container\">\n\t\t\t\t\t\t\t<div class=\"e-n-tabs\" data-widget-number=\"182142933\" aria-label=\"Onglets. Ouvrez des \u00e9l\u00e9ments avec Entrer ou Espace, fermez-les avec Echape et naviguez \u00e0 l&#039;aide des touches fl\u00e9ch\u00e9es.\">\n\t\t\t<div class=\"e-n-tabs-heading\" role=\"tablist\">\n\t\t\t\t\t<button id=\"e-n-tab-title-1821429331\" data-tab-title-id=\"e-n-tab-title-1821429331\" class=\"e-n-tab-title\" aria-selected=\"true\" data-tab-index=\"1\" role=\"tab\" tabindex=\"0\" aria-controls=\"e-n-tab-content-1821429331\" style=\"--n-tabs-title-order: 1;\">\n\t\t\t\t\t\t<span class=\"e-n-tab-title-text\">\n\t\t\t\tPr\u00e9sentation du service\t\t\t<\/span>\n\t\t<\/button>\n\t\t\t\t<button id=\"e-n-tab-title-1821429332\" data-tab-title-id=\"e-n-tab-title-1821429332\" class=\"e-n-tab-title\" aria-selected=\"false\" data-tab-index=\"2\" role=\"tab\" tabindex=\"-1\" aria-controls=\"e-n-tab-content-1821429332\" style=\"--n-tabs-title-order: 2;\">\n\t\t\t\t\t\t<span class=\"e-n-tab-title-text\">\n\t\t\t\tTroubles du neuro d\u00e9veloppement\t\t\t<\/span>\n\t\t<\/button>\n\t\t\t\t<button id=\"e-n-tab-title-1821429333\" data-tab-title-id=\"e-n-tab-title-1821429333\" class=\"e-n-tab-title\" aria-selected=\"false\" data-tab-index=\"3\" role=\"tab\" tabindex=\"-1\" aria-controls=\"e-n-tab-content-1821429333\" style=\"--n-tabs-title-order: 3;\">\n\t\t\t\t\t\t<span class=\"e-n-tab-title-text\">\n\t\t\t\tComment saisir la plateforme\t\t\t<\/span>\n\t\t<\/button>\n\t\t\t\t<button id=\"e-n-tab-title-1821429334\" data-tab-title-id=\"e-n-tab-title-1821429334\" class=\"e-n-tab-title\" aria-selected=\"false\" data-tab-index=\"4\" role=\"tab\" tabindex=\"-1\" aria-controls=\"e-n-tab-content-1821429334\" style=\"--n-tabs-title-order: 4;\">\n\t\t\t\t\t\t<span class=\"e-n-tab-title-text\">\n\t\t\t\tConditions d'acc\u00e8s\t\t\t<\/span>\n\t\t<\/button>\n\t\t\t\t\t<\/div>\n\t\t\t<div class=\"e-n-tabs-content\">\n\t\t\t\t<div id=\"e-n-tab-content-1821429331\" role=\"tabpanel\" aria-labelledby=\"e-n-tab-title-1821429331\" data-tab-index=\"1\" style=\"--n-tabs-title-order: 1;\" class=\"e-active elementor-element elementor-element-1d37cf6 e-con-full e-flex e-con e-child\" data-id=\"1d37cf6\" data-element_type=\"container\" data-e-type=\"container\">\n\t\t<div class=\"elementor-element elementor-element-220e492 e-flex e-con-boxed e-con e-child\" data-id=\"220e492\" data-element_type=\"container\" data-e-type=\"container\">\n\t\t\t\t\t<div class=\"e-con-inner\">\n\t\t\t\t<div class=\"elementor-element elementor-element-2d4f242 elementor-widget elementor-widget-text-editor\" data-id=\"2d4f242\" data-element_type=\"widget\" data-e-type=\"widget\" data-widget_type=\"text-editor.default\">\n\t\t\t\t<div class=\"elementor-widget-container\">\n\t\t\t\t\t\t\t\t\t<p>\n<a href=\"https:\/\/apajh43.fr\/wp-content\/uploads\/2025\/06\/FannyGAUTHERON_POCplaquette_version2025.06.pdf\" target=\"_blank\">\n  <img decoding=\"async\" src=\"https:\/\/apajh43.fr\/wp-content\/uploads\/2025\/06\/FannyGAUTHERON_POCplaquette_exterieur_version2025.06-scaled.jpg\" alt=\"Aper\u00e7u du PDF\">\n   <img decoding=\"async\" src=\"https:\/\/apajh43.fr\/wp-content\/uploads\/2025\/06\/FannyGAUTHERON_POCplaquette_interieur_version2025.06-scaled.jpg\" alt=\"Aper\u00e7u du PDF\">\n<\/a>\n\n\n  <\/p>\t\t\t\t\t\t\t\t<\/div>\n\t\t\t\t<\/div>\n\t\t\t\t\t<\/div>\n\t\t\t\t<\/div>\n\t\t\t\t<\/div>\n\t\t<div id=\"e-n-tab-content-1821429332\" role=\"tabpanel\" aria-labelledby=\"e-n-tab-title-1821429332\" data-tab-index=\"2\" style=\"--n-tabs-title-order: 2;\" class=\" elementor-element elementor-element-09143a0 e-con-full e-flex e-con e-child\" data-id=\"09143a0\" data-element_type=\"container\" data-e-type=\"container\">\n\t\t<div class=\"elementor-element elementor-element-dcca27f e-flex e-con-boxed e-con e-child\" data-id=\"dcca27f\" data-element_type=\"container\" data-e-type=\"container\">\n\t\t\t\t\t<div class=\"e-con-inner\">\n\t\t\t\t<div class=\"elementor-element elementor-element-203f41e elementor-widget elementor-widget-text-editor\" data-id=\"203f41e\" data-element_type=\"widget\" data-e-type=\"widget\" data-widget_type=\"text-editor.default\">\n\t\t\t\t<div class=\"elementor-widget-container\">\n\t\t\t\t\t\t\t\t\tLe cerveau de votre enfant peut se construire diff\u00e9remment, se d\u00e9velopper et fonctionner autrement.\n  <\/p>\n\n  <p>\n  Cela peut se manifester par un retard dans un ou plusieurs domaines de d\u00e9veloppement qui entraine des difficult\u00e9s d\u2019apprentissage, des particularit\u00e9s dans les interactions et la communication, des comportements atypiques.\n  <\/p>\n\n  <p>\nEngager un parcours de diagnostic et de suivi permet de mieux comprendre l\u2019enfant, d\u2019assurer son bien \u00eatre \u00e0 la maison, \u00e0 la cr\u00e8che, \u00e0 l\u2019\u00e9cole en prennent en compte ses forces, ses faiblesses et ses besoins d\u2019am\u00e9nagement.\n  <\/p>\t\t\t\t\t\t\t\t<\/div>\n\t\t\t\t<\/div>\n\t\t\t\t\t<\/div>\n\t\t\t\t<\/div>\n\t\t\t\t<\/div>\n\t\t<div id=\"e-n-tab-content-1821429333\" role=\"tabpanel\" aria-labelledby=\"e-n-tab-title-1821429333\" data-tab-index=\"3\" style=\"--n-tabs-title-order: 3;\" class=\" elementor-element elementor-element-4671b77 e-con-full e-flex e-con e-child\" data-id=\"4671b77\" data-element_type=\"container\" data-e-type=\"container\">\n\t\t<div class=\"elementor-element elementor-element-2a21409 e-flex e-con-boxed e-con e-child\" data-id=\"2a21409\" data-element_type=\"container\" data-e-type=\"container\">\n\t\t\t\t\t<div class=\"e-con-inner\">\n\t\t\t\t<div class=\"elementor-element elementor-element-735e303 elementor-widget elementor-widget-text-editor\" data-id=\"735e303\" data-element_type=\"widget\" data-e-type=\"widget\" data-widget_type=\"text-editor.default\">\n\t\t\t\t<div class=\"elementor-widget-container\">\n\t\t\t\t\t\t\t\t\t<p>En remplissant avec votre m\u00e9decin le guide de rep\u00e9rage sur trajectoire, faisant \u00e9tat des difficult\u00e9s de votre enfant.<\/p><p>A la suite de cette demande nous vous solliciterons pour remplir un formulaire.<\/p><p>En nous contactant au 04 77 46 59 89<\/p><p>A r\u00e9ception du dossier complet des pr\u00e9conisations, une liste de professionnels de soins (orthophoniste, psychologue, kin\u00e9sith\u00e9rapeute, ergoth\u00e9rapeute psychomotricien, m\u00e9decin sp\u00e9cialiste \u2026.) vous sera adress\u00e9e.<\/p>\t\t\t\t\t\t\t\t<\/div>\n\t\t\t\t<\/div>\n\t\t\t\t\t<\/div>\n\t\t\t\t<\/div>\n\t\t\t\t<\/div>\n\t\t<div id=\"e-n-tab-content-1821429334\" role=\"tabpanel\" aria-labelledby=\"e-n-tab-title-1821429334\" data-tab-index=\"4\" style=\"--n-tabs-title-order: 4;\" class=\" elementor-element elementor-element-4a3624b e-flex e-con-boxed e-con e-child\" data-id=\"4a3624b\" data-element_type=\"container\" data-e-type=\"container\">\n\t\t\t\t\t<div class=\"e-con-inner\">\n\t\t<div class=\"elementor-element elementor-element-9fc7bea e-con-full e-flex e-con e-child\" data-id=\"9fc7bea\" data-element_type=\"container\" data-e-type=\"container\">\n\t\t\t\t<div class=\"elementor-element elementor-element-bdc4e53 elementor-widget elementor-widget-text-editor\" data-id=\"bdc4e53\" data-element_type=\"widget\" data-e-type=\"widget\" data-widget_type=\"text-editor.default\">\n\t\t\t\t<div class=\"elementor-widget-container\">\n\t\t\t\t\t\t\t\t\t<ul><li>Que votre enfant ait moins de 7 ans<\/li><li>Que vous r\u00e9sidiez dans les d\u00e9partements de la LOIRE ou HAUTE LOIRE<\/li><li>Que votre enfant n&rsquo;ait pas eu de diagnostic<\/li><li>Que votre enfant ne soit pas d\u00e9j\u00e0 pris en charge par un service m\u00e9dico-social<\/li><li>Que vous ne perceviez pas l\u2019AEEH<\/li><\/ul>\t\t\t\t\t\t\t\t<\/div>\n\t\t\t\t<\/div>\n\t\t\t\t<\/div>\n\t\t\t\t\t<\/div>\n\t\t\t\t<\/div>\n\t\t\t\t\t<\/div>\n\t\t<\/div>\n\t\t\t\t\t\t<\/div>\n\t\t\t\t<\/div>\n\t\t\t\t<\/div>\n\t\t\t\t<\/div>\n\t\t\t\t<\/div>\n\t\t\t\t<\/div>\n\t\t\t\t<\/div>\n\t\t\t\t<\/div>\n\t\t\t\t\t<\/div>\n\t\t\t\t<\/div>\n\t\t<div class=\"elementor-element elementor-element-679afb8 e-flex e-con-boxed e-con e-parent\" data-id=\"679afb8\" data-element_type=\"container\" data-e-type=\"container\">\n\t\t\t\t\t<div class=\"e-con-inner\">\n\t\t\t\t<div class=\"elementor-element elementor-element-5320606 elementor-widget elementor-widget-heading\" data-id=\"5320606\" data-element_type=\"widget\" data-e-type=\"widget\" data-widget_type=\"heading.default\">\n\t\t\t\t<div class=\"elementor-widget-container\">\n\t\t\t\t\t<h2 class=\"elementor-heading-title elementor-size-default\">Actualit\u00e9s du service<\/h2>\t\t\t\t<\/div>\n\t\t\t\t<\/div>\n\t\t\t\t\t<\/div>\n\t\t\t\t<\/div>\n\t\t<div class=\"elementor-element elementor-element-5d0388e e-flex e-con-boxed e-con e-parent\" data-id=\"5d0388e\" data-element_type=\"container\" data-e-type=\"container\">\n\t\t\t\t\t<div class=\"e-con-inner\">\n\t\t\t\t<div class=\"elementor-element elementor-element-fc6869d elementor-grid-eael-col-3 elementor-grid-tablet-eael-col-2 elementor-grid-mobile-eael-col-1 elementor-widget elementor-widget-eael-post-grid\" data-id=\"fc6869d\" data-element_type=\"widget\" data-e-type=\"widget\" data-settings=\"{&quot;eael_post_grid_columns&quot;:&quot;eael-col-3&quot;,&quot;eael_post_grid_columns_tablet&quot;:&quot;eael-col-2&quot;,&quot;eael_post_grid_columns_mobile&quot;:&quot;eael-col-1&quot;}\" data-widget_type=\"eael-post-grid.default\">\n\t\t\t\t<div class=\"elementor-widget-container\">\n\t\t\t\t\t<div id=\"eael-post-grid-fc6869d\" class=\"eael-post-grid-container\">\n            <div class=\"eael-post-grid eael-post-appender eael-post-appender-fc6869d eael-post-grid-style-two\" data-layout-mode=\"masonry\"><article class=\"eael-grid-post  eael-post-grid-column eael-pg-post-2597 category-poc-pole-enfance-vie-associative\" data-id=\"2597\">\n    <div class=\"eael-grid-post-holder\">\n        <div class=\"eael-grid-post-holder-inner\"><div class=\"eael-entry-media\"><div class=\"eael-entry-overlay fade-in\"><i class=\"fas fa-long-arrow-alt-right\" aria-hidden=\"true\"><\/i><a href=\"https:\/\/apajh43.fr\/index.php\/2025\/10\/21\/1ere-rencontre-nationale-des-pco-a-lyon\/\"><\/a><\/div><div class=\"eael-entry-thumbnail \">\n                            <img fetchpriority=\"high\" decoding=\"async\" width=\"226\" height=\"300\" src=\"https:\/\/apajh43.fr\/wp-content\/uploads\/2025\/10\/Capture-decran-2025-10-21-120117-226x300.png\" class=\"attachment-medium size-medium wp-image-2598\" alt=\"\" srcset=\"https:\/\/apajh43.fr\/wp-content\/uploads\/2025\/10\/Capture-decran-2025-10-21-120117-226x300.png 226w, https:\/\/apajh43.fr\/wp-content\/uploads\/2025\/10\/Capture-decran-2025-10-21-120117.png 441w\" sizes=\"(max-width: 226px) 100vw, 226px\" \/>\n                            <\/div>\n                    <\/div><div class=\"eael-entry-wrapper\"><header class=\"eael-entry-header\"><h2 class=\"eael-entry-title\"><a class=\"eael-grid-post-link\" href=\"https:\/\/apajh43.fr\/index.php\/2025\/10\/21\/1ere-rencontre-nationale-des-pco-a-lyon\/\" title=\"1\u00e8re rencontre nationale des PCO \u00e0 lyon\">1\u00e8re rencontre nationale des PCO \u00e0 lyon<\/a><\/h2><\/header><div class=\"eael-entry-content\">\n                                <div class=\"eael-grid-post-excerpt\"><p>Le 10 octobre 2025, nous avons particip\u00e9 \u00a0\u00e0 la premi\u00e8re...<\/p><\/div>\n                            <\/div><div class=\"eael-entry-header-after style-two\"><div class=\"eael-entry-meta\"><span class=\"eael-meta-posted-on\"><i class=\"far fa-clock\"><\/i><time datetime=\"21 octobre 2025\">21 octobre 2025<\/time><\/span><\/div><\/div><\/div><\/div>\n    <\/div>\n<\/article><\/div>\n            <div class=\"clearfix\"><\/div>\n        <\/div>\t\t\t\t<\/div>\n\t\t\t\t<\/div>\n\t\t\t\t\t<\/div>\n\t\t\t\t<\/div>\n\t\t<div class=\"elementor-element elementor-element-621d0fe e-flex e-con-boxed e-con e-parent\" data-id=\"621d0fe\" data-element_type=\"container\" data-e-type=\"container\">\n\t\t\t\t\t<div class=\"e-con-inner\">\n\t\t\t\t<div class=\"elementor-element elementor-element-794231b elementor-align-center elementor-widget elementor-widget-button\" data-id=\"794231b\" data-element_type=\"widget\" data-e-type=\"widget\" data-widget_type=\"button.default\">\n\t\t\t\t<div class=\"elementor-widget-container\">\n\t\t\t\t\t\t\t\t\t<div class=\"elementor-button-wrapper\">\n\t\t\t\t\t<a class=\"elementor-button elementor-button-link elementor-size-sm elementor-animation-grow\" href=\"https:\/\/apajh43.fr\/index.php\/actualites\/\">\n\t\t\t\t\t\t<span class=\"elementor-button-content-wrapper\">\n\t\t\t\t\t\t\t\t\t<span class=\"elementor-button-text\">D\u00e9couvrir toutes les actualit\u00e9s<\/span>\n\t\t\t\t\t<\/span>\n\t\t\t\t\t<\/a>\n\t\t\t\t<\/div>\n\t\t\t\t\t\t\t\t<\/div>\n\t\t\t\t<\/div>\n\t\t\t\t\t<\/div>\n\t\t\t\t<\/div>\n\t\t\t\t<\/div>\n\t\t","protected":false},"excerpt":{"rendered":"<p>POC Directeur des \u00c9tablissements et Services : Fr\u00e9d\u00e9ric RIDEAU Directeur p\u00f4le enfant : Damien TERLE \u00a0 L\u2019\u00c9quipe : Un m\u00e9decin [&hellip;]<\/p>\n","protected":false},"author":1,"featured_media":671,"parent":0,"menu_order":0,"comment_status":"closed","ping_status":"closed","template":"","meta":{"site-sidebar-layout":"no-sidebar","site-content-layout":"","ast-site-content-layout":"full-width-container","site-content-style":"default","site-sidebar-style":"default","ast-global-header-display":"","ast-banner-title-visibility":"","ast-main-header-display":"","ast-hfb-above-header-display":"","ast-hfb-below-header-display":"","ast-hfb-mobile-header-display":"","site-post-title":"disabled","ast-breadcrumbs-content":"","ast-featured-img":"disabled","footer-sml-layout":"","ast-disable-related-posts":"","theme-transparent-header-meta":"","adv-header-id-meta":"","stick-header-meta":"","header-above-stick-meta":"","header-main-stick-meta":"","header-below-stick-meta":"","astra-migrate-meta-layouts":"default","ast-page-background-enabled":"default","ast-page-background-meta":{"desktop":{"background-color":"var(--ast-global-color-5)","background-image":"","background-repeat":"repeat","background-position":"center center","background-size":"auto","background-attachment":"scroll","background-type":"","background-media":"","overlay-type":"","overlay-color":"","overlay-opacity":"","overlay-gradient":""},"tablet":{"background-color":"","background-image":"","background-repeat":"repeat","background-position":"center center","background-size":"auto","background-attachment":"scroll","background-type":"","background-media":"","overlay-type":"","overlay-color":"","overlay-opacity":"","overlay-gradient":""},"mobile":{"background-color":"","background-image":"","background-repeat":"repeat","background-position":"center center","background-size":"auto","background-attachment":"scroll","background-type":"","background-media":"","overlay-type":"","overlay-color":"","overlay-opacity":"","overlay-gradient":""}},"ast-content-background-meta":{"desktop":{"background-color":"var(--ast-global-color-4)","background-image":"","background-repeat":"repeat","background-position":"center center","background-size":"auto","background-attachment":"scroll","background-type":"","background-media":"","overlay-type":"","overlay-color":"","overlay-opacity":"","overlay-gradient":""},"tablet":{"background-color":"var(--ast-global-color-4)","background-image":"","background-repeat":"repeat","background-position":"center center","background-size":"auto","background-attachment":"scroll","background-type":"","background-media":"","overlay-type":"","overlay-color":"","overlay-opacity":"","overlay-gradient":""},"mobile":{"background-color":"var(--ast-global-color-4)","background-image":"","background-repeat":"repeat","background-position":"center center","background-size":"auto","background-attachment":"scroll","background-type":"","background-media":"","overlay-type":"","overlay-color":"","overlay-opacity":"","overlay-gradient":""}},"footnotes":""},"class_list":["post-636","page","type-page","status-publish","has-post-thumbnail","hentry"],"_links":{"self":[{"href":"https:\/\/apajh43.fr\/index.php\/wp-json\/wp\/v2\/pages\/636","targetHints":{"allow":["GET"]}}],"collection":[{"href":"https:\/\/apajh43.fr\/index.php\/wp-json\/wp\/v2\/pages"}],"about":[{"href":"https:\/\/apajh43.fr\/index.php\/wp-json\/wp\/v2\/types\/page"}],"author":[{"embeddable":true,"href":"https:\/\/apajh43.fr\/index.php\/wp-json\/wp\/v2\/users\/1"}],"replies":[{"embeddable":true,"href":"https:\/\/apajh43.fr\/index.php\/wp-json\/wp\/v2\/comments?post=636"}],"version-history":[{"count":55,"href":"https:\/\/apajh43.fr\/index.php\/wp-json\/wp\/v2\/pages\/636\/revisions"}],"predecessor-version":[{"id":3145,"href":"https:\/\/apajh43.fr\/index.php\/wp-json\/wp\/v2\/pages\/636\/revisions\/3145"}],"wp:featuredmedia":[{"embeddable":true,"href":"https:\/\/apajh43.fr\/index.php\/wp-json\/wp\/v2\/media\/671"}],"wp:attachment":[{"href":"https:\/\/apajh43.fr\/index.php\/wp-json\/wp\/v2\/media?parent=636"}],"curies":[{"name":"wp","href":"https:\/\/api.w.org\/{rel}","templated":true}]}}