{"id":650,"date":"2025-05-28T15:59:35","date_gmt":"2025-05-28T13:59:35","guid":{"rendered":"https:\/\/apajh43.fr\/?page_id=650"},"modified":"2026-02-13T14:56:46","modified_gmt":"2026-02-13T13:56:46","slug":"habitat-inclusif","status":"publish","type":"page","link":"https:\/\/apajh43.fr\/index.php\/habitat-inclusif\/","title":{"rendered":"Habitat Inclusif"},"content":{"rendered":"\t\t<div data-elementor-type=\"wp-page\" data-elementor-id=\"650\" class=\"elementor elementor-650\">\n\t\t\t\t<div class=\"elementor-element elementor-element-342f95c e-flex e-con-boxed e-con e-parent\" data-id=\"342f95c\" data-element_type=\"container\" data-e-type=\"container\">\n\t\t\t\t\t<div class=\"e-con-inner\">\n\t\t\t\t\t<\/div>\n\t\t\t\t<\/div>\n\t\t<div class=\"elementor-element elementor-element-5rfpu4f e-flex e-con-boxed e-con e-parent\" data-id=\"5rfpu4f\" data-element_type=\"container\" data-e-type=\"container\" data-settings=\"{&quot;background_background&quot;:&quot;classic&quot;}\">\n\t\t\t\t\t<div class=\"e-con-inner\">\n\t\t<div class=\"elementor-element elementor-element-c104332 e-con-full e-flex e-con e-child\" data-id=\"c104332\" data-element_type=\"container\" data-e-type=\"container\">\n\t\t\t\t<div class=\"elementor-element elementor-element-25e01e3 elementor-widget elementor-widget-heading\" data-id=\"25e01e3\" data-element_type=\"widget\" data-e-type=\"widget\" data-widget_type=\"heading.default\">\n\t\t\t\t<div class=\"elementor-widget-container\">\n\t\t\t\t\t<h1 class=\"elementor-heading-title elementor-size-default\">Habitat Inclusif<\/h1>\t\t\t\t<\/div>\n\t\t\t\t<\/div>\n\t\t\t\t<\/div>\n\t\t\t\t\t<\/div>\n\t\t\t\t<\/div>\n\t\t\t\t<section class=\"elementor-section elementor-top-section elementor-element elementor-element-01gq3rm elementor-section-content-middle elementor-section-boxed elementor-section-height-default elementor-section-height-default\" data-id=\"01gq3rm\" data-element_type=\"section\" data-e-type=\"section\" data-settings=\"{&quot;background_background&quot;:&quot;classic&quot;}\">\n\t\t\t\t\t\t<div class=\"elementor-container elementor-column-gap-no\">\n\t\t\t\t\t<div class=\"elementor-column elementor-col-50 elementor-top-column elementor-element elementor-element-c41f378\" data-id=\"c41f378\" data-element_type=\"column\" data-e-type=\"column\" data-settings=\"{&quot;background_background&quot;:&quot;classic&quot;}\">\n\t\t\t<div class=\"elementor-widget-wrap elementor-element-populated\">\n\t\t\t\t\t\t<div class=\"elementor-element elementor-element-55d464f elementor-widget elementor-widget-text-editor\" data-id=\"55d464f\" data-element_type=\"widget\" data-e-type=\"widget\" data-widget_type=\"text-editor.default\">\n\t\t\t\t<div class=\"elementor-widget-container\">\n\t\t\t\t\t\t\t\t\t<p style=\"font-size: 18px;font-style: normal;font-weight: 400\"><span style=\"font-weight: bold\">Directeur des Etablissements et Services : <\/span>Fr\u00e9d\u00e9ric RIDEAU<\/p><p style=\"font-size: 18px;font-style: normal;font-weight: 400\"><span style=\"font-weight: bold\">Directrice p\u00f4le adulte : <\/span>St\u00e9phanie POGORELY<\/p><p><span style=\"font-weight: bold\">Educatrice sp\u00e9cialis\u00e9e : <\/span>Pauline LICHTER<\/p><p style=\"font-size: 18px;font-style: normal;font-weight: 400\"><span style=\"font-weight: bold\">HABITAT INCLUSIF<\/span><br \/>43700 Saint-Germain-Laprade<\/p><p style=\"font-size: 18px;font-style: normal;font-weight: 400\"><span style=\"font-weight: bold\">T\u00e9l\u00a0<\/span>: 04.71.05.28.81<\/p><p style=\"font-size: 18px;font-style: normal;font-weight: 400\"><span style=\"font-weight: bold\">E-mail<\/span> : Habitat.inclusif@apajh43.fr<\/p>\t\t\t\t\t\t\t\t<\/div>\n\t\t\t\t<\/div>\n\t\t\t\t\t<\/div>\n\t\t<\/div>\n\t\t\t\t<div class=\"elementor-column elementor-col-50 elementor-top-column elementor-element elementor-element-57f14dc\" data-id=\"57f14dc\" data-element_type=\"column\" data-e-type=\"column\">\n\t\t\t<div class=\"elementor-widget-wrap elementor-element-populated\">\n\t\t\t\t\t\t<div class=\"elementor-element elementor-element-0e0528d elementor-widget elementor-widget-google_maps\" data-id=\"0e0528d\" data-element_type=\"widget\" data-e-type=\"widget\" data-widget_type=\"google_maps.default\">\n\t\t\t\t<div class=\"elementor-widget-container\">\n\t\t\t\t\t\t\t<div class=\"elementor-custom-embed\">\n\t\t\t<iframe loading=\"lazy\"\n\t\t\t\t\tsrc=\"https:\/\/maps.google.com\/maps?q=43700%20Saint%20Germain%20Laprade&#038;t=m&#038;z=13&#038;output=embed&#038;iwloc=near\"\n\t\t\t\t\ttitle=\"43700 Saint Germain Laprade\"\n\t\t\t\t\taria-label=\"43700 Saint Germain Laprade\"\n\t\t\t><\/iframe>\n\t\t<\/div>\n\t\t\t\t\t\t<\/div>\n\t\t\t\t<\/div>\n\t\t\t\t\t<\/div>\n\t\t<\/div>\n\t\t\t\t\t<\/div>\n\t\t<\/section>\n\t\t<div class=\"elementor-element elementor-element-0305af1 e-flex e-con-boxed e-con e-parent\" data-id=\"0305af1\" data-element_type=\"container\" data-e-type=\"container\">\n\t\t\t\t\t<div class=\"e-con-inner\">\n\t\t<div class=\"elementor-element elementor-element-cddff2c e-con-full e-flex e-con e-child\" data-id=\"cddff2c\" data-element_type=\"container\" data-e-type=\"container\">\n\t\t\t\t<div class=\"elementor-element elementor-element-595cdc7 e-n-tabs-mobile elementor-widget elementor-widget-n-tabs\" data-id=\"595cdc7\" data-element_type=\"widget\" data-e-type=\"widget\" data-settings=\"{&quot;horizontal_scroll&quot;:&quot;disable&quot;}\" data-widget_type=\"nested-tabs.default\">\n\t\t\t\t<div class=\"elementor-widget-container\">\n\t\t\t\t\t\t\t<div class=\"e-n-tabs\" data-widget-number=\"93703623\" aria-label=\"Onglets. Ouvrez des \u00e9l\u00e9ments avec Entrer ou Espace, fermez-les avec Echape et naviguez \u00e0 l&#039;aide des touches fl\u00e9ch\u00e9es.\">\n\t\t\t<div class=\"e-n-tabs-heading\" role=\"tablist\">\n\t\t\t\t\t<button id=\"e-n-tab-title-937036231\" data-tab-title-id=\"e-n-tab-title-937036231\" class=\"e-n-tab-title\" aria-selected=\"true\" data-tab-index=\"1\" role=\"tab\" tabindex=\"0\" aria-controls=\"e-n-tab-content-937036231\" style=\"--n-tabs-title-order: 1;\">\n\t\t\t\t\t\t<span class=\"e-n-tab-title-text\">\n\t\t\t\tPr\u00e9sentation du service\t\t\t<\/span>\n\t\t<\/button>\n\t\t\t\t<button id=\"e-n-tab-title-937036232\" data-tab-title-id=\"e-n-tab-title-937036232\" class=\"e-n-tab-title\" aria-selected=\"false\" data-tab-index=\"2\" role=\"tab\" tabindex=\"-1\" aria-controls=\"e-n-tab-content-937036232\" style=\"--n-tabs-title-order: 2;\">\n\t\t\t\t\t\t<span class=\"e-n-tab-title-text\">\n\t\t\t\tFonctionnement\t\t\t<\/span>\n\t\t<\/button>\n\t\t\t\t<button id=\"e-n-tab-title-937036233\" data-tab-title-id=\"e-n-tab-title-937036233\" class=\"e-n-tab-title\" aria-selected=\"false\" data-tab-index=\"3\" role=\"tab\" tabindex=\"-1\" aria-controls=\"e-n-tab-content-937036233\" style=\"--n-tabs-title-order: 3;\">\n\t\t\t\t\t\t<span class=\"e-n-tab-title-text\">\n\t\t\t\tAdh\u00e9rer au projet\t\t\t<\/span>\n\t\t<\/button>\n\t\t\t\t\t<\/div>\n\t\t\t<div class=\"e-n-tabs-content\">\n\t\t\t\t<div id=\"e-n-tab-content-937036231\" role=\"tabpanel\" aria-labelledby=\"e-n-tab-title-937036231\" data-tab-index=\"1\" style=\"--n-tabs-title-order: 1;\" class=\"e-active elementor-element elementor-element-6c9a21c e-con-full e-flex e-con e-child\" data-id=\"6c9a21c\" data-element_type=\"container\" data-e-type=\"container\">\n\t\t<div class=\"elementor-element elementor-element-99b59cc e-flex e-con-boxed e-con e-child\" data-id=\"99b59cc\" data-element_type=\"container\" data-e-type=\"container\">\n\t\t\t\t\t<div class=\"e-con-inner\">\n\t\t\t\t<div class=\"elementor-element elementor-element-39b04f9 elementor-widget elementor-widget-text-editor\" data-id=\"39b04f9\" data-element_type=\"widget\" data-e-type=\"widget\" data-widget_type=\"text-editor.default\">\n\t\t\t\t<div class=\"elementor-widget-container\">\n\t\t\t\t\t\t\t\t\t<p>Un chez-soi accompagn\u00e9 pour des personnes en situation de handicap.<\/p><p>En 2027, 8 personnes emm\u00e9nageront dans leur appartement accessible et adapt\u00e9.<\/p><p>\u00a0<\/p><p>La r\u00e9sidence sera implant\u00e9e au c\u0153ur de la commune de Saint-Germain Laprade.<\/p><p>\u00a0<\/p><p>Ce projet d\u2019habitat inclusif s\u2019adresse \u00e0 des personnes en situation de handicap moteur avec ou sans troubles cognitifs associ\u00e9s. Il favorise l\u2019autod\u00e9termination, le lien social et l\u2019inclusion dans la vie de la commune, dans un cadre choisi et s\u00e9curisant.<\/p><p>\u00a0<\/p><p><strong>LA RESIDENCE NAQUERA POSS\u00c9DERA 8 LOGEMENTS.<\/strong><\/p><p>\u00a0<\/p><p>ILS SERONT CONSTRUITS SELON LES NORMES PMR ET SITU\u00c9S EN REZ-DE-CHAUSS\u00c9E OU AU 1ER \u00c9TAGE :<\/p><p>4 T1 Bis et 4 T2 compos\u00e9s :<\/p><ul><li>D\u2019un s\u00e9jour avec espace bureau<\/li><li>D\u2019une cuisine<\/li><li>D\u2019une salle de bain avec WC<\/li><li>D\u2019une chambre ou espace nuit attenant au s\u00e9jour<\/li><li>D\u2019un rez-de-jardin ou balcon<\/li><\/ul><p>La r\u00e9sidence sera s\u00e9curis\u00e9e par badge et visiophone.<\/p><p><br \/>Des espaces communs situ\u00e9s en rez-de-chauss\u00e9e offriront aux habitants des lieux pour partager des moments de vie,<br \/>autour de repas, d\u2019animations ou de temps de d\u00e9tente.<\/p><p>\u00a0<\/p><p><em>Une solution adapt\u00e9e pour la nuit est actuellement \u00e0 l\u2019\u00e9tude afin de garantir la s\u00e9curit\u00e9 des locataires.<\/em><\/p>\t\t\t\t\t\t\t\t<\/div>\n\t\t\t\t<\/div>\n\t\t<div class=\"elementor-element elementor-element-959046b e-con-full e-flex e-con e-child\" data-id=\"959046b\" data-element_type=\"container\" data-e-type=\"container\">\n\t\t\t\t<div class=\"elementor-element elementor-element-1f2fb68 elementor-widget elementor-widget-button\" data-id=\"1f2fb68\" data-element_type=\"widget\" data-e-type=\"widget\" data-widget_type=\"button.default\">\n\t\t\t\t<div class=\"elementor-widget-container\">\n\t\t\t\t\t\t\t\t\t<div class=\"elementor-button-wrapper\">\n\t\t\t\t\t<a class=\"elementor-button elementor-button-link elementor-size-sm\" href=\"https:\/\/apajh43.fr\/wp-content\/uploads\/2026\/02\/Brochure-Habitat-Inclusif-APAJH43.pdf\" target=\"_blank\">\n\t\t\t\t\t\t<span class=\"elementor-button-content-wrapper\">\n\t\t\t\t\t\t\t\t\t<span class=\"elementor-button-text\">Consulter la brochure<\/span>\n\t\t\t\t\t<\/span>\n\t\t\t\t\t<\/a>\n\t\t\t\t<\/div>\n\t\t\t\t\t\t\t\t<\/div>\n\t\t\t\t<\/div>\n\t\t\t\t<\/div>\n\t\t\t\t\t<\/div>\n\t\t\t\t<\/div>\n\t\t\t\t<\/div>\n\t\t<div id=\"e-n-tab-content-937036232\" role=\"tabpanel\" aria-labelledby=\"e-n-tab-title-937036232\" data-tab-index=\"2\" style=\"--n-tabs-title-order: 2;\" class=\" elementor-element elementor-element-ea004c7 e-con-full e-flex e-con e-child\" data-id=\"ea004c7\" data-element_type=\"container\" data-e-type=\"container\">\n\t\t<div class=\"elementor-element elementor-element-dfea55c e-grid e-con-boxed e-con e-child\" data-id=\"dfea55c\" data-element_type=\"container\" data-e-type=\"container\">\n\t\t\t\t\t<div class=\"e-con-inner\">\n\t\t\t\t<div class=\"elementor-element elementor-element-94e8cb7 elementor-widget elementor-widget-text-editor\" data-id=\"94e8cb7\" data-element_type=\"widget\" data-e-type=\"widget\" data-widget_type=\"text-editor.default\">\n\t\t\t\t<div class=\"elementor-widget-container\">\n\t\t\t\t\t\t\t\t\t<p>Vous serez locataire de votre propre logement, vous pourrez l\u2019am\u00e9nager comme vous le souhaitez.<\/p><p>Vous aurez la possibilit\u00e9 d\u2019accueillir vos proches.<\/p><p>Vous payerez vos factures et r\u00e9glerez vous-m\u00eame votre loyer aupr\u00e8s du bailleur.<br \/>Vous pourrez b\u00e9n\u00e9ficier d\u2019aides financi\u00e8res telles que les APL allou\u00e9es par la CAF.<\/p><p>Les accompagnements mis en place au quotidien seront, comme avant votre entr\u00e9e dans le logement, adapt\u00e9s et choisis en fonction de vos besoins.<\/p><p>\u00a0<\/p><p><strong>Vous serez \u00e0 proximit\u00e9 des services de soins et commerces.<\/strong><\/p><p><strong>Vous choisirez librement votre mode d\u2019habitat.<\/strong><\/p><p><strong>Vos relations sociales seront favoris\u00e9es gr\u00e2ce \u00e0 la vie sociale et partag\u00e9e.<\/strong><\/p>\t\t\t\t\t\t\t\t<\/div>\n\t\t\t\t<\/div>\n\t\t\t\t\t<\/div>\n\t\t\t\t<\/div>\n\t\t\t\t<\/div>\n\t\t<div id=\"e-n-tab-content-937036233\" role=\"tabpanel\" aria-labelledby=\"e-n-tab-title-937036233\" data-tab-index=\"3\" style=\"--n-tabs-title-order: 3;\" class=\" elementor-element elementor-element-7901777 e-con-full e-flex e-con e-child\" data-id=\"7901777\" data-element_type=\"container\" data-e-type=\"container\">\n\t\t<div class=\"elementor-element elementor-element-443dd39 e-grid e-con-boxed e-con e-child\" data-id=\"443dd39\" data-element_type=\"container\" data-e-type=\"container\" data-settings=\"{&quot;background_background&quot;:&quot;gradient&quot;}\">\n\t\t\t\t\t<div class=\"e-con-inner\">\n\t\t\t\t<div class=\"elementor-element elementor-element-3c847a7 elementor-widget elementor-widget-text-editor\" data-id=\"3c847a7\" data-element_type=\"widget\" data-e-type=\"widget\" data-widget_type=\"text-editor.default\">\n\t\t\t\t<div class=\"elementor-widget-container\">\n\t\t\t\t\t\t\t\t\t<p><strong>6 \u00c9TAPES CL\u00c9S :<\/strong><\/p><p>1- Je compl\u00e8te la fiche de renseignements et je contacte l\u2019APAJH43 si le projet m\u2019int\u00e9resse.<\/p><p>2- Je suis recontact\u00e9 par l\u2019APAJH 43.<\/p><p>3- Un professionnel vient me rencontrer afin d\u2019\u00e9changer autour de mes questionnements.<\/p><p>4- Avec les autres candidats\/locataires, je participe \u00e0 la r\u00e9flexion autour du Projet de Vie Sociale et Partag\u00e9e.<\/p><p>5- Une fois valid\u00e9, mon dossier sera soumis \u00e0 la commission d\u2019attribution des logements.<\/p><p>6- J\u2019organise mon d\u00e9m\u00e9nagement en \u00e9tant accompagn\u00e9 et j\u2019emm\u00e9nage dans mon logement.<\/p>\t\t\t\t\t\t\t\t<\/div>\n\t\t\t\t<\/div>\n\t\t\t\t<div class=\"elementor-element elementor-element-2a2f625 elementor-widget elementor-widget-button\" data-id=\"2a2f625\" data-element_type=\"widget\" data-e-type=\"widget\" data-widget_type=\"button.default\">\n\t\t\t\t<div class=\"elementor-widget-container\">\n\t\t\t\t\t\t\t\t\t<div class=\"elementor-button-wrapper\">\n\t\t\t\t\t<a class=\"elementor-button elementor-button-link elementor-size-sm\" href=\"https:\/\/apajh43.fr\/wp-content\/uploads\/2026\/02\/Brochure-Habitat-Inclusif-APAJH43-7.pdf\" target=\"_blank\">\n\t\t\t\t\t\t<span class=\"elementor-button-content-wrapper\">\n\t\t\t\t\t\t\t\t\t<span class=\"elementor-button-text\">T\u00e9l\u00e9charger la fiche de renseignements<\/span>\n\t\t\t\t\t<\/span>\n\t\t\t\t\t<\/a>\n\t\t\t\t<\/div>\n\t\t\t\t\t\t\t\t<\/div>\n\t\t\t\t<\/div>\n\t\t\t\t\t<\/div>\n\t\t\t\t<\/div>\n\t\t\t\t<\/div>\n\t\t\t\t\t<\/div>\n\t\t<\/div>\n\t\t\t\t\t\t<\/div>\n\t\t\t\t<\/div>\n\t\t\t\t<\/div>\n\t\t\t\t\t<\/div>\n\t\t\t\t<\/div>\n\t\t<div class=\"elementor-element elementor-element-679afb8 e-flex e-con-boxed e-con e-parent\" data-id=\"679afb8\" data-element_type=\"container\" data-e-type=\"container\">\n\t\t\t\t\t<div class=\"e-con-inner\">\n\t\t\t\t<div class=\"elementor-element elementor-element-82f6915 elementor-widget-divider--view-line elementor-widget elementor-widget-divider\" data-id=\"82f6915\" data-element_type=\"widget\" data-e-type=\"widget\" data-widget_type=\"divider.default\">\n\t\t\t\t<div class=\"elementor-widget-container\">\n\t\t\t\t\t\t\t<div class=\"elementor-divider\">\n\t\t\t<span class=\"elementor-divider-separator\">\n\t\t\t\t\t\t<\/span>\n\t\t<\/div>\n\t\t\t\t\t\t<\/div>\n\t\t\t\t<\/div>\n\t\t\t\t<div class=\"elementor-element elementor-element-5320606 elementor-widget elementor-widget-heading\" data-id=\"5320606\" data-element_type=\"widget\" data-e-type=\"widget\" data-widget_type=\"heading.default\">\n\t\t\t\t<div class=\"elementor-widget-container\">\n\t\t\t\t\t<h2 class=\"elementor-heading-title elementor-size-default\">Actualit\u00e9s du service<\/h2>\t\t\t\t<\/div>\n\t\t\t\t<\/div>\n\t\t\t\t\t<\/div>\n\t\t\t\t<\/div>\n\t\t<div class=\"elementor-element elementor-element-5d0388e e-flex e-con-boxed e-con e-parent\" data-id=\"5d0388e\" data-element_type=\"container\" data-e-type=\"container\">\n\t\t\t\t\t<div class=\"e-con-inner\">\n\t\t\t\t<div class=\"elementor-element elementor-element-fc6869d elementor-grid-eael-col-3 elementor-grid-tablet-eael-col-2 elementor-grid-mobile-eael-col-1 elementor-widget elementor-widget-eael-post-grid\" data-id=\"fc6869d\" data-element_type=\"widget\" data-e-type=\"widget\" data-settings=\"{&quot;eael_post_grid_columns&quot;:&quot;eael-col-3&quot;,&quot;eael_post_grid_columns_tablet&quot;:&quot;eael-col-2&quot;,&quot;eael_post_grid_columns_mobile&quot;:&quot;eael-col-1&quot;}\" data-widget_type=\"eael-post-grid.default\">\n\t\t\t\t<div class=\"elementor-widget-container\">\n\t\t\t\t\t<div id=\"eael-post-grid-fc6869d\" class=\"eael-post-grid-container\">\n            <div class=\"eael-post-grid eael-post-appender eael-post-appender-fc6869d eael-post-grid-style-two\" data-layout-mode=\"masonry\"><article class=\"eael-grid-post  eael-post-grid-column eael-pg-post-2859 category-actualites-habitat-inclusif-pole-adulte\" data-id=\"2859\">\n    <div class=\"eael-grid-post-holder\">\n        <div class=\"eael-grid-post-holder-inner\"><div class=\"eael-entry-media\"><div class=\"eael-entry-overlay fade-in\"><i class=\"fas fa-long-arrow-alt-right\" aria-hidden=\"true\"><\/i><a href=\"https:\/\/apajh43.fr\/index.php\/2026\/01\/30\/une-nouvelle-brochure-pour-mieux-comprendre-lhabitat-inclusif\/\"><\/a><\/div><div class=\"eael-entry-thumbnail \">\n                            <img fetchpriority=\"high\" decoding=\"async\" width=\"261\" height=\"300\" src=\"https:\/\/apajh43.fr\/wp-content\/uploads\/2026\/01\/Photo-Saint-Germain-Laprade-261x300.png\" class=\"attachment-medium size-medium wp-image-2864\" alt=\"\" srcset=\"https:\/\/apajh43.fr\/wp-content\/uploads\/2026\/01\/Photo-Saint-Germain-Laprade-261x300.png 261w, https:\/\/apajh43.fr\/wp-content\/uploads\/2026\/01\/Photo-Saint-Germain-Laprade-768x881.png 768w, https:\/\/apajh43.fr\/wp-content\/uploads\/2026\/01\/Photo-Saint-Germain-Laprade.png 794w\" sizes=\"(max-width: 261px) 100vw, 261px\" \/>\n                            <\/div>\n                    <\/div><div class=\"eael-entry-wrapper\"><header class=\"eael-entry-header\"><h2 class=\"eael-entry-title\"><a class=\"eael-grid-post-link\" href=\"https:\/\/apajh43.fr\/index.php\/2026\/01\/30\/une-nouvelle-brochure-pour-mieux-comprendre-lhabitat-inclusif\/\" title=\"Une nouvelle brochure pour mieux comprendre l\u2019habitat inclusif\">Une nouvelle brochure pour mieux comprendre l\u2019habitat inclusif<\/a><\/h2><\/header><div class=\"eael-entry-content\">\n                                <div class=\"eael-grid-post-excerpt\"><p>Nous avons le plaisir de vous pr\u00e9senter notre brochure d\u00e9di\u00e9e...<\/p><\/div>\n                            <\/div><div class=\"eael-entry-header-after style-two\"><div class=\"eael-entry-meta\"><span class=\"eael-meta-posted-on\"><i class=\"far fa-clock\"><\/i><time datetime=\"30 janvier 2026\">30 janvier 2026<\/time><\/span><\/div><\/div><\/div><\/div>\n    <\/div>\n<\/article><article class=\"eael-grid-post  eael-post-grid-column eael-pg-post-2465 category-actualites-habitat-inclusif-pole-adulte\" data-id=\"2465\">\n    <div class=\"eael-grid-post-holder\">\n        <div class=\"eael-grid-post-holder-inner\"><div class=\"eael-entry-media\"><div class=\"eael-entry-overlay fade-in\"><i class=\"fas fa-long-arrow-alt-right\" aria-hidden=\"true\"><\/i><a href=\"https:\/\/apajh43.fr\/index.php\/2025\/07\/02\/habitat-inclusif-st-germain-laprade-ouverture-de-chantier\/\"><\/a><\/div><div class=\"eael-entry-thumbnail \">\n                            <img decoding=\"async\" width=\"300\" height=\"135\" src=\"https:\/\/apajh43.fr\/wp-content\/uploads\/2025\/07\/1000010489-1-300x135.jpg\" class=\"attachment-medium size-medium wp-image-2467\" alt=\"\" srcset=\"https:\/\/apajh43.fr\/wp-content\/uploads\/2025\/07\/1000010489-1-300x135.jpg 300w, https:\/\/apajh43.fr\/wp-content\/uploads\/2025\/07\/1000010489-1-1024x461.jpg 1024w, https:\/\/apajh43.fr\/wp-content\/uploads\/2025\/07\/1000010489-1-768x346.jpg 768w, https:\/\/apajh43.fr\/wp-content\/uploads\/2025\/07\/1000010489-1-1536x691.jpg 1536w, https:\/\/apajh43.fr\/wp-content\/uploads\/2025\/07\/1000010489-1.jpg 2000w\" sizes=\"(max-width: 300px) 100vw, 300px\" \/>\n                            <\/div>\n                    <\/div><div class=\"eael-entry-wrapper\"><header class=\"eael-entry-header\"><h2 class=\"eael-entry-title\"><a class=\"eael-grid-post-link\" href=\"https:\/\/apajh43.fr\/index.php\/2025\/07\/02\/habitat-inclusif-st-germain-laprade-ouverture-de-chantier\/\" title=\"Habitat Inclusif St Germain Laprade : Ouverture de Chantier\">Habitat Inclusif St Germain Laprade : Ouverture de Chantier<\/a><\/h2><\/header><div class=\"eael-entry-content\">\n                                <div class=\"eael-grid-post-excerpt\"><p>Le 2 juillet \u00e0 11h, \u00e0 l&rsquo;invitation de Guy Chapelle,...<\/p><\/div>\n                            <\/div><div class=\"eael-entry-header-after style-two\"><div class=\"eael-entry-meta\"><span class=\"eael-meta-posted-on\"><i class=\"far fa-clock\"><\/i><time datetime=\"2 juillet 2025\">2 juillet 2025<\/time><\/span><\/div><\/div><\/div><\/div>\n    <\/div>\n<\/article><\/div>\n            <div class=\"clearfix\"><\/div>\n        <\/div>\t\t\t\t<\/div>\n\t\t\t\t<\/div>\n\t\t\t\t\t<\/div>\n\t\t\t\t<\/div>\n\t\t<div class=\"elementor-element elementor-element-621d0fe e-flex e-con-boxed e-con e-parent\" data-id=\"621d0fe\" data-element_type=\"container\" data-e-type=\"container\">\n\t\t\t\t\t<div class=\"e-con-inner\">\n\t\t\t\t<div class=\"elementor-element elementor-element-794231b elementor-align-center elementor-widget elementor-widget-button\" data-id=\"794231b\" data-element_type=\"widget\" data-e-type=\"widget\" data-widget_type=\"button.default\">\n\t\t\t\t<div class=\"elementor-widget-container\">\n\t\t\t\t\t\t\t\t\t<div class=\"elementor-button-wrapper\">\n\t\t\t\t\t<a class=\"elementor-button elementor-button-link elementor-size-sm elementor-animation-grow\" href=\"#\">\n\t\t\t\t\t\t<span class=\"elementor-button-content-wrapper\">\n\t\t\t\t\t\t\t\t\t<span class=\"elementor-button-text\">D\u00e9couvrir toutes les actualit\u00e9s<\/span>\n\t\t\t\t\t<\/span>\n\t\t\t\t\t<\/a>\n\t\t\t\t<\/div>\n\t\t\t\t\t\t\t\t<\/div>\n\t\t\t\t<\/div>\n\t\t\t\t\t<\/div>\n\t\t\t\t<\/div>\n\t\t\t\t<\/div>\n\t\t","protected":false},"excerpt":{"rendered":"<p>Habitat Inclusif Directeur des Etablissements et Services : Fr\u00e9d\u00e9ric RIDEAU Directrice p\u00f4le adulte : St\u00e9phanie POGORELY Educatrice sp\u00e9cialis\u00e9e : Pauline [&hellip;]<\/p>\n","protected":false},"author":1,"featured_media":668,"parent":0,"menu_order":0,"comment_status":"closed","ping_status":"closed","template":"","meta":{"site-sidebar-layout":"no-sidebar","site-content-layout":"","ast-site-content-layout":"full-width-container","site-content-style":"default","site-sidebar-style":"default","ast-global-header-display":"","ast-banner-title-visibility":"","ast-main-header-display":"","ast-hfb-above-header-display":"","ast-hfb-below-header-display":"","ast-hfb-mobile-header-display":"","site-post-title":"disabled","ast-breadcrumbs-content":"","ast-featured-img":"disabled","footer-sml-layout":"","ast-disable-related-posts":"","theme-transparent-header-meta":"","adv-header-id-meta":"","stick-header-meta":"","header-above-stick-meta":"","header-main-stick-meta":"","header-below-stick-meta":"","astra-migrate-meta-layouts":"default","ast-page-background-enabled":"default","ast-page-background-meta":{"desktop":{"background-color":"var(--ast-global-color-5)","background-image":"","background-repeat":"repeat","background-position":"center center","background-size":"auto","background-attachment":"scroll","background-type":"","background-media":"","overlay-type":"","overlay-color":"","overlay-opacity":"","overlay-gradient":""},"tablet":{"background-color":"","background-image":"","background-repeat":"repeat","background-position":"center center","background-size":"auto","background-attachment":"scroll","background-type":"","background-media":"","overlay-type":"","overlay-color":"","overlay-opacity":"","overlay-gradient":""},"mobile":{"background-color":"","background-image":"","background-repeat":"repeat","background-position":"center center","background-size":"auto","background-attachment":"scroll","background-type":"","background-media":"","overlay-type":"","overlay-color":"","overlay-opacity":"","overlay-gradient":""}},"ast-content-background-meta":{"desktop":{"background-color":"var(--ast-global-color-4)","background-image":"","background-repeat":"repeat","background-position":"center center","background-size":"auto","background-attachment":"scroll","background-type":"","background-media":"","overlay-type":"","overlay-color":"","overlay-opacity":"","overlay-gradient":""},"tablet":{"background-color":"var(--ast-global-color-4)","background-image":"","background-repeat":"repeat","background-position":"center center","background-size":"auto","background-attachment":"scroll","background-type":"","background-media":"","overlay-type":"","overlay-color":"","overlay-opacity":"","overlay-gradient":""},"mobile":{"background-color":"var(--ast-global-color-4)","background-image":"","background-repeat":"repeat","background-position":"center center","background-size":"auto","background-attachment":"scroll","background-type":"","background-media":"","overlay-type":"","overlay-color":"","overlay-opacity":"","overlay-gradient":""}},"footnotes":""},"class_list":["post-650","page","type-page","status-publish","has-post-thumbnail","hentry"],"_links":{"self":[{"href":"https:\/\/apajh43.fr\/index.php\/wp-json\/wp\/v2\/pages\/650","targetHints":{"allow":["GET"]}}],"collection":[{"href":"https:\/\/apajh43.fr\/index.php\/wp-json\/wp\/v2\/pages"}],"about":[{"href":"https:\/\/apajh43.fr\/index.php\/wp-json\/wp\/v2\/types\/page"}],"author":[{"embeddable":true,"href":"https:\/\/apajh43.fr\/index.php\/wp-json\/wp\/v2\/users\/1"}],"replies":[{"embeddable":true,"href":"https:\/\/apajh43.fr\/index.php\/wp-json\/wp\/v2\/comments?post=650"}],"version-history":[{"count":64,"href":"https:\/\/apajh43.fr\/index.php\/wp-json\/wp\/v2\/pages\/650\/revisions"}],"predecessor-version":[{"id":3172,"href":"https:\/\/apajh43.fr\/index.php\/wp-json\/wp\/v2\/pages\/650\/revisions\/3172"}],"wp:featuredmedia":[{"embeddable":true,"href":"https:\/\/apajh43.fr\/index.php\/wp-json\/wp\/v2\/media\/668"}],"wp:attachment":[{"href":"https:\/\/apajh43.fr\/index.php\/wp-json\/wp\/v2\/media?parent=650"}],"curies":[{"name":"wp","href":"https:\/\/api.w.org\/{rel}","templated":true}]}}