{"id":83,"date":"2025-05-06T12:18:17","date_gmt":"2025-05-06T10:18:17","guid":{"rendered":"https:\/\/apajh43.fr\/?page_id=83"},"modified":"2025-05-16T13:42:33","modified_gmt":"2025-05-16T11:42:33","slug":"protection-des-donnees","status":"publish","type":"page","link":"https:\/\/apajh43.fr\/index.php\/protection-des-donnees\/","title":{"rendered":"Protection des donn\u00e9es"},"content":{"rendered":"\t\t<div data-elementor-type=\"wp-page\" data-elementor-id=\"83\" class=\"elementor elementor-83\">\n\t\t\t\t<div class=\"elementor-element elementor-element-fa179f4 e-flex e-con-boxed e-con e-parent\" data-id=\"fa179f4\" data-element_type=\"container\" data-e-type=\"container\">\n\t\t\t\t\t<div class=\"e-con-inner\">\n\t\t\t\t<div class=\"elementor-element elementor-element-b1cc07c elementor-widget elementor-widget-heading\" data-id=\"b1cc07c\" data-element_type=\"widget\" data-e-type=\"widget\" data-widget_type=\"heading.default\">\n\t\t\t\t<div class=\"elementor-widget-container\">\n\t\t\t\t\t<h1 class=\"elementor-heading-title elementor-size-default\">Protection des donn\u00e9es<\/h1>\t\t\t\t<\/div>\n\t\t\t\t<\/div>\n\t\t\t\t\t<\/div>\n\t\t\t\t<\/div>\n\t\t<div class=\"elementor-element elementor-element-795f7af e-flex e-con-boxed e-con e-parent\" data-id=\"795f7af\" data-element_type=\"container\" data-e-type=\"container\">\n\t\t\t\t\t<div class=\"e-con-inner\">\n\t\t\t\t<div class=\"elementor-element elementor-element-91cfa12 elementor-widget elementor-widget-text-editor\" data-id=\"91cfa12\" data-element_type=\"widget\" data-e-type=\"widget\" data-widget_type=\"text-editor.default\">\n\t\t\t\t<div class=\"elementor-widget-container\">\n\t\t\t\t\t\t\t\t\t<p><b>Collecte des donn\u00e9es<\/b><\/p><p>Nous collectons des donn\u00e9es personnelles lorsque vous :<br \/>Remplissez un formulaire de contact ou de candidature,<br \/>Effectuez une demande d&rsquo;adh\u00e9sion.<br \/>Les donn\u00e9es collect\u00e9es peuvent inclure : votre nom, pr\u00e9nom, adresse e-mail, num\u00e9ro de t\u00e9l\u00e9phone, ainsi que toute autre information que vous choisissez de fournir.<\/p><p><b>\u00a0<\/b><\/p><p><b>Utilisation des donn\u00e9es<\/b><\/p><p>Les donn\u00e9es collect\u00e9es sont utilis\u00e9es uniquement pour :<br \/>R\u00e9pondre \u00e0 vos demandes de contact ou d\u2019information,<br \/>Traiter votre candidature ou votre adh\u00e9sion,<br \/>Am\u00e9liorer la qualit\u00e9 de notre service.<br \/>Elles ne sont jamais revendues ou c\u00e9d\u00e9es \u00e0 des tiers.<\/p><p><b>\u00a0<\/b><\/p><p><b>Conservation des donn\u00e9es<\/b><\/p><p>Vos donn\u00e9es personnelles sont conserv\u00e9es uniquement pendant la dur\u00e9e n\u00e9cessaire au traitement de votre demande, sauf obligations l\u00e9gales imposant une conservation plus longue.<\/p><p><b>\u00a0<\/b><\/p><p><b>Vos droits<\/b><\/p><p>Conform\u00e9ment au R\u00e8glement G\u00e9n\u00e9ral sur la Protection des Donn\u00e9es (RGPD), vous disposez :<br \/>D\u2019un droit d\u2019acc\u00e8s, de rectification, de suppression et d\u2019opposition,<br \/>D\u2019un droit \u00e0 la limitation du traitement,<br \/>D\u2019un droit \u00e0 la portabilit\u00e9 de vos donn\u00e9es.<br \/>Pour exercer ces droits, il vous suffit de nous contacter \u00e0 l\u2019adresse suivante : siege@apajh43.fr<\/p><p>\u00a0<\/p>\t\t\t\t\t\t\t\t<\/div>\n\t\t\t\t<\/div>\n\t\t\t\t\t<\/div>\n\t\t\t\t<\/div>\n\t\t\t\t<\/div>\n\t\t","protected":false},"excerpt":{"rendered":"<p>Protection des donn\u00e9es Collecte des donn\u00e9es Nous collectons des donn\u00e9es personnelles lorsque vous :Remplissez un formulaire de contact ou de [&hellip;]<\/p>\n","protected":false},"author":1,"featured_media":0,"parent":0,"menu_order":0,"comment_status":"closed","ping_status":"closed","template":"","meta":{"site-sidebar-layout":"no-sidebar","site-content-layout":"","ast-site-content-layout":"full-width-container","site-content-style":"default","site-sidebar-style":"default","ast-global-header-display":"","ast-banner-title-visibility":"","ast-main-header-display":"","ast-hfb-above-header-display":"","ast-hfb-below-header-display":"","ast-hfb-mobile-header-display":"","site-post-title":"disabled","ast-breadcrumbs-content":"","ast-featured-img":"disabled","footer-sml-layout":"","ast-disable-related-posts":"","theme-transparent-header-meta":"","adv-header-id-meta":"","stick-header-meta":"","header-above-stick-meta":"","header-main-stick-meta":"","header-below-stick-meta":"","astra-migrate-meta-layouts":"default","ast-page-background-enabled":"default","ast-page-background-meta":{"desktop":{"background-color":"var(--ast-global-color-5)","background-image":"","background-repeat":"repeat","background-position":"center center","background-size":"auto","background-attachment":"scroll","background-type":"","background-media":"","overlay-type":"","overlay-color":"","overlay-opacity":"","overlay-gradient":""},"tablet":{"background-color":"","background-image":"","background-repeat":"repeat","background-position":"center center","background-size":"auto","background-attachment":"scroll","background-type":"","background-media":"","overlay-type":"","overlay-color":"","overlay-opacity":"","overlay-gradient":""},"mobile":{"background-color":"","background-image":"","background-repeat":"repeat","background-position":"center center","background-size":"auto","background-attachment":"scroll","background-type":"","background-media":"","overlay-type":"","overlay-color":"","overlay-opacity":"","overlay-gradient":""}},"ast-content-background-meta":{"desktop":{"background-color":"var(--ast-global-color-4)","background-image":"","background-repeat":"repeat","background-position":"center center","background-size":"auto","background-attachment":"scroll","background-type":"","background-media":"","overlay-type":"","overlay-color":"","overlay-opacity":"","overlay-gradient":""},"tablet":{"background-color":"var(--ast-global-color-4)","background-image":"","background-repeat":"repeat","background-position":"center center","background-size":"auto","background-attachment":"scroll","background-type":"","background-media":"","overlay-type":"","overlay-color":"","overlay-opacity":"","overlay-gradient":""},"mobile":{"background-color":"var(--ast-global-color-4)","background-image":"","background-repeat":"repeat","background-position":"center center","background-size":"auto","background-attachment":"scroll","background-type":"","background-media":"","overlay-type":"","overlay-color":"","overlay-opacity":"","overlay-gradient":""}},"footnotes":""},"class_list":["post-83","page","type-page","status-publish","hentry"],"_links":{"self":[{"href":"https:\/\/apajh43.fr\/index.php\/wp-json\/wp\/v2\/pages\/83","targetHints":{"allow":["GET"]}}],"collection":[{"href":"https:\/\/apajh43.fr\/index.php\/wp-json\/wp\/v2\/pages"}],"about":[{"href":"https:\/\/apajh43.fr\/index.php\/wp-json\/wp\/v2\/types\/page"}],"author":[{"embeddable":true,"href":"https:\/\/apajh43.fr\/index.php\/wp-json\/wp\/v2\/users\/1"}],"replies":[{"embeddable":true,"href":"https:\/\/apajh43.fr\/index.php\/wp-json\/wp\/v2\/comments?post=83"}],"version-history":[{"count":4,"href":"https:\/\/apajh43.fr\/index.php\/wp-json\/wp\/v2\/pages\/83\/revisions"}],"predecessor-version":[{"id":230,"href":"https:\/\/apajh43.fr\/index.php\/wp-json\/wp\/v2\/pages\/83\/revisions\/230"}],"wp:attachment":[{"href":"https:\/\/apajh43.fr\/index.php\/wp-json\/wp\/v2\/media?parent=83"}],"curies":[{"name":"wp","href":"https:\/\/api.w.org\/{rel}","templated":true}]}}