{"id":84,"date":"2025-05-06T12:18:17","date_gmt":"2025-05-06T10:18:17","guid":{"rendered":"https:\/\/apajh43.fr\/?page_id=84"},"modified":"2025-06-30T11:35:04","modified_gmt":"2025-06-30T09:35:04","slug":"mentions-legales","status":"publish","type":"page","link":"https:\/\/apajh43.fr\/index.php\/mentions-legales\/","title":{"rendered":"Mentions l\u00e9gales"},"content":{"rendered":"\t\t<div data-elementor-type=\"wp-page\" data-elementor-id=\"84\" class=\"elementor elementor-84\">\n\t\t\t\t<div class=\"elementor-element elementor-element-244f160 e-flex e-con-boxed e-con e-parent\" data-id=\"244f160\" data-element_type=\"container\" data-e-type=\"container\">\n\t\t\t\t\t<div class=\"e-con-inner\">\n\t\t\t\t<div class=\"elementor-element elementor-element-f94297a elementor-widget elementor-widget-heading\" data-id=\"f94297a\" data-element_type=\"widget\" data-e-type=\"widget\" data-widget_type=\"heading.default\">\n\t\t\t\t<div class=\"elementor-widget-container\">\n\t\t\t\t\t<h1 class=\"elementor-heading-title elementor-size-default\">Mentions l\u00e9gales<\/h1>\t\t\t\t<\/div>\n\t\t\t\t<\/div>\n\t\t\t\t\t<\/div>\n\t\t\t\t<\/div>\n\t\t<div class=\"elementor-element elementor-element-95b61eb e-flex e-con-boxed e-con e-parent\" data-id=\"95b61eb\" data-element_type=\"container\" data-e-type=\"container\">\n\t\t\t\t\t<div class=\"e-con-inner\">\n\t\t\t\t<div class=\"elementor-element elementor-element-ac8ab8b elementor-widget elementor-widget-text-editor\" data-id=\"ac8ab8b\" data-element_type=\"widget\" data-e-type=\"widget\" data-widget_type=\"text-editor.default\">\n\t\t\t\t<div class=\"elementor-widget-container\">\n\t\t\t\t\t\t\t\t\t<p><b>\u00c9diteur du site<br \/>Association Pour Adultes et Jeunes Handicap\u00e9s de Haute-Loire (APAJH 43)<\/b><\/p><p><b><br \/><\/b>Editeur : Association APAJH 43<br \/>Contact : siege@apajh43.fr<br \/>Association loi 1901 \u2013 D\u00e9clar\u00e9e sous le num\u00e9ro 338 410 582<br \/>Directeur de publication : Bernard Hantson, Pr\u00e9sident.<\/p><p><b>\u00a0<\/b><\/p><p><b>H\u00e9bergement du site<\/b><\/p><p><span style=\"font-style: inherit; font-weight: inherit;\">Le site est h\u00e9berg\u00e9 par : <a href=\"https:\/\/www.ovhcloud.com\/fr\/web-hosting\/\">OVHCloud<\/a><\/span><\/p><p><span style=\"font-style: inherit; font-weight: inherit;\">Adresse de l\u2019h\u00e9bergeur : 2 rue Kellermann, 59100 Roubaix<\/span><\/p><p><span style=\"font-style: inherit; font-weight: inherit;\">T\u00e9l\u00e9phone de l\u2019h\u00e9bergeur : 09 72 10 10 07<\/span><\/p><p><b>Propri\u00e9t\u00e9 intellectuelle<\/b><\/p><p>L&rsquo;ensemble des contenus pr\u00e9sents sur ce site (textes, images, illustrations, logos, documents t\u00e9l\u00e9chargeables) est prot\u00e9g\u00e9 par le droit d\u2019auteur et reste la propri\u00e9t\u00e9 exclusive de l&rsquo;APAJH 43 ou de tiers ayant autoris\u00e9 leur usage.<br \/>Toute reproduction totale ou partielle du contenu sans autorisation \u00e9crite pr\u00e9alable est interdite.<\/p><p><b>Responsabilit\u00e9<\/b><\/p><p>L\u2019APAJH 43 s\u2019efforce d\u2019assurer l\u2019exactitude des informations diffus\u00e9es sur ce site. Toutefois, elle ne peut garantir l&rsquo;absence totale d&rsquo;erreurs ou d&rsquo;omissions et d\u00e9cline toute responsabilit\u00e9 quant \u00e0 l\u2019utilisation qui pourrait \u00eatre faite des informations pr\u00e9sentes.<br \/>L&rsquo;APAJH 43 se r\u00e9serve le droit de modifier le contenu du site \u00e0 tout moment sans pr\u00e9avis.<\/p><p><b>Accessibilit\u00e9<\/b><\/p><p>L\u2019APAJH 43 s&rsquo;engage \u00e0 rendre son site internet accessible \u00e0 tous, y compris aux personnes en situation de handicap.\u2028Nous nous effor\u00e7ons de suivre les recommandations d\u2019accessibilit\u00e9 num\u00e9rique en vigueur (RGAA).<br \/>Si vous rencontrez des difficult\u00e9s d&rsquo;acc\u00e8s \u00e0 un contenu ou \u00e0 une fonctionnalit\u00e9, merci de nous en informer \u00e0 l\u2019adresse suivante : siege@apajh43.fr<\/p>\t\t\t\t\t\t\t\t<\/div>\n\t\t\t\t<\/div>\n\t\t\t\t\t<\/div>\n\t\t\t\t<\/div>\n\t\t\t\t<\/div>\n\t\t","protected":false},"excerpt":{"rendered":"<p>Mentions l\u00e9gales \u00c9diteur du siteAssociation Pour Adultes et Jeunes Handicap\u00e9s de Haute-Loire (APAJH 43) Editeur : Association APAJH 43Contact : [&hellip;]<\/p>\n","protected":false},"author":1,"featured_media":0,"parent":0,"menu_order":0,"comment_status":"closed","ping_status":"closed","template":"","meta":{"site-sidebar-layout":"no-sidebar","site-content-layout":"","ast-site-content-layout":"full-width-container","site-content-style":"default","site-sidebar-style":"default","ast-global-header-display":"","ast-banner-title-visibility":"","ast-main-header-display":"","ast-hfb-above-header-display":"","ast-hfb-below-header-display":"","ast-hfb-mobile-header-display":"","site-post-title":"disabled","ast-breadcrumbs-content":"","ast-featured-img":"disabled","footer-sml-layout":"","ast-disable-related-posts":"","theme-transparent-header-meta":"","adv-header-id-meta":"","stick-header-meta":"","header-above-stick-meta":"","header-main-stick-meta":"","header-below-stick-meta":"","astra-migrate-meta-layouts":"default","ast-page-background-enabled":"default","ast-page-background-meta":{"desktop":{"background-color":"var(--ast-global-color-5)","background-image":"","background-repeat":"repeat","background-position":"center center","background-size":"auto","background-attachment":"scroll","background-type":"","background-media":"","overlay-type":"","overlay-color":"","overlay-opacity":"","overlay-gradient":""},"tablet":{"background-color":"","background-image":"","background-repeat":"repeat","background-position":"center center","background-size":"auto","background-attachment":"scroll","background-type":"","background-media":"","overlay-type":"","overlay-color":"","overlay-opacity":"","overlay-gradient":""},"mobile":{"background-color":"","background-image":"","background-repeat":"repeat","background-position":"center center","background-size":"auto","background-attachment":"scroll","background-type":"","background-media":"","overlay-type":"","overlay-color":"","overlay-opacity":"","overlay-gradient":""}},"ast-content-background-meta":{"desktop":{"background-color":"var(--ast-global-color-4)","background-image":"","background-repeat":"repeat","background-position":"center center","background-size":"auto","background-attachment":"scroll","background-type":"","background-media":"","overlay-type":"","overlay-color":"","overlay-opacity":"","overlay-gradient":""},"tablet":{"background-color":"var(--ast-global-color-4)","background-image":"","background-repeat":"repeat","background-position":"center center","background-size":"auto","background-attachment":"scroll","background-type":"","background-media":"","overlay-type":"","overlay-color":"","overlay-opacity":"","overlay-gradient":""},"mobile":{"background-color":"var(--ast-global-color-4)","background-image":"","background-repeat":"repeat","background-position":"center center","background-size":"auto","background-attachment":"scroll","background-type":"","background-media":"","overlay-type":"","overlay-color":"","overlay-opacity":"","overlay-gradient":""}},"footnotes":""},"class_list":["post-84","page","type-page","status-publish","hentry"],"_links":{"self":[{"href":"https:\/\/apajh43.fr\/index.php\/wp-json\/wp\/v2\/pages\/84","targetHints":{"allow":["GET"]}}],"collection":[{"href":"https:\/\/apajh43.fr\/index.php\/wp-json\/wp\/v2\/pages"}],"about":[{"href":"https:\/\/apajh43.fr\/index.php\/wp-json\/wp\/v2\/types\/page"}],"author":[{"embeddable":true,"href":"https:\/\/apajh43.fr\/index.php\/wp-json\/wp\/v2\/users\/1"}],"replies":[{"embeddable":true,"href":"https:\/\/apajh43.fr\/index.php\/wp-json\/wp\/v2\/comments?post=84"}],"version-history":[{"count":7,"href":"https:\/\/apajh43.fr\/index.php\/wp-json\/wp\/v2\/pages\/84\/revisions"}],"predecessor-version":[{"id":2155,"href":"https:\/\/apajh43.fr\/index.php\/wp-json\/wp\/v2\/pages\/84\/revisions\/2155"}],"wp:attachment":[{"href":"https:\/\/apajh43.fr\/index.php\/wp-json\/wp\/v2\/media?parent=84"}],"curies":[{"name":"wp","href":"https:\/\/api.w.org\/{rel}","templated":true}]}}