{"id":86,"date":"2025-05-06T12:18:17","date_gmt":"2025-05-06T10:18:17","guid":{"rendered":"https:\/\/apajh43.fr\/?page_id=86"},"modified":"2025-05-16T13:46:00","modified_gmt":"2025-05-16T11:46:00","slug":"accesibilite","status":"publish","type":"page","link":"https:\/\/apajh43.fr\/index.php\/accesibilite\/","title":{"rendered":"Aide et Acc\u00e9sibilit\u00e9"},"content":{"rendered":"\t\t<div data-elementor-type=\"wp-page\" data-elementor-id=\"86\" class=\"elementor elementor-86\">\n\t\t\t\t<div class=\"elementor-element elementor-element-a91c18e e-flex e-con-boxed e-con e-parent\" data-id=\"a91c18e\" data-element_type=\"container\" data-e-type=\"container\">\n\t\t\t\t\t<div class=\"e-con-inner\">\n\t\t\t\t<div class=\"elementor-element elementor-element-0ba24b7 elementor-widget elementor-widget-heading\" data-id=\"0ba24b7\" data-element_type=\"widget\" data-e-type=\"widget\" data-widget_type=\"heading.default\">\n\t\t\t\t<div class=\"elementor-widget-container\">\n\t\t\t\t\t<h1 class=\"elementor-heading-title elementor-size-default\">Aide et Acc\u00e9sibilit\u00e9<\/h1>\t\t\t\t<\/div>\n\t\t\t\t<\/div>\n\t\t\t\t\t<\/div>\n\t\t\t\t<\/div>\n\t\t<div class=\"elementor-element elementor-element-7f1c820 e-flex e-con-boxed e-con e-parent\" data-id=\"7f1c820\" data-element_type=\"container\" data-e-type=\"container\">\n\t\t\t\t\t<div class=\"e-con-inner\">\n\t\t\t\t<div class=\"elementor-element elementor-element-a9ad112 elementor-widget elementor-widget-text-editor\" data-id=\"a9ad112\" data-element_type=\"widget\" data-e-type=\"widget\" data-widget_type=\"text-editor.default\">\n\t\t\t\t<div class=\"elementor-widget-container\">\n\t\t\t\t\t\t\t\t\t<p><b>Bienvenue sur la page d\u2019aide et d\u2019accessibilit\u00e9 de notre site web.<\/b><\/p><p>L\u2019APAJH 43 attache une grande importance \u00e0 rendre ses contenus accessibles au plus grand nombre, notamment aux personnes en situation de handicap. Nous nous effor\u00e7ons de respecter les bonnes pratiques d\u2019accessibilit\u00e9 num\u00e9rique afin de garantir une navigation claire, simple et agr\u00e9able pour tous.<\/p><p>Fonctionnalit\u00e9s d\u2019accessibilit\u00e9 disponibles sur le site : <br \/>Contraste de couleurs suffisant pour les personnes malvoyantes<br \/>Police lisible et adapt\u00e9e<br \/>Navigation possible au clavier (Tab, Entr\u00e9e)<br \/>Structuration logique des contenus avec des titres hi\u00e9rarchis\u00e9s<br \/>Adaptation de la taille des textes via les param\u00e8tres de votre navigateur<\/p><p>\u00a0<\/p><p><b>Engagement continu<\/b><\/p><p>Nous sommes conscients que l\u2019accessibilit\u00e9 num\u00e9rique est un processus d\u2019am\u00e9lioration continue.\u2028Si vous constatez une anomalie ou souhaitez nous faire part de suggestions, n\u2019h\u00e9sitez pas \u00e0 nous contacter \u00e0 : siege@apajh43.fr<\/p><p>\u00a0<\/p><p><b>Objectif d\u2019accessibilit\u00e9<br \/><\/b>Nous visons la meilleure accessibilit\u00e9 possible en nous appuyant sur les recommandations du RGAA et des WCAG (Web Content Accessibility Guidelines).<\/p>\t\t\t\t\t\t\t\t<\/div>\n\t\t\t\t<\/div>\n\t\t\t\t\t<\/div>\n\t\t\t\t<\/div>\n\t\t\t\t<\/div>\n\t\t","protected":false},"excerpt":{"rendered":"<p>Aide et Acc\u00e9sibilit\u00e9 Bienvenue sur la page d\u2019aide et d\u2019accessibilit\u00e9 de notre site web. L\u2019APAJH 43 attache une grande importance [&hellip;]<\/p>\n","protected":false},"author":1,"featured_media":0,"parent":0,"menu_order":0,"comment_status":"closed","ping_status":"closed","template":"","meta":{"site-sidebar-layout":"no-sidebar","site-content-layout":"","ast-site-content-layout":"full-width-container","site-content-style":"default","site-sidebar-style":"default","ast-global-header-display":"","ast-banner-title-visibility":"","ast-main-header-display":"","ast-hfb-above-header-display":"","ast-hfb-below-header-display":"","ast-hfb-mobile-header-display":"","site-post-title":"disabled","ast-breadcrumbs-content":"","ast-featured-img":"disabled","footer-sml-layout":"","ast-disable-related-posts":"","theme-transparent-header-meta":"","adv-header-id-meta":"","stick-header-meta":"","header-above-stick-meta":"","header-main-stick-meta":"","header-below-stick-meta":"","astra-migrate-meta-layouts":"default","ast-page-background-enabled":"default","ast-page-background-meta":{"desktop":{"background-color":"var(--ast-global-color-5)","background-image":"","background-repeat":"repeat","background-position":"center center","background-size":"auto","background-attachment":"scroll","background-type":"","background-media":"","overlay-type":"","overlay-color":"","overlay-opacity":"","overlay-gradient":""},"tablet":{"background-color":"","background-image":"","background-repeat":"repeat","background-position":"center center","background-size":"auto","background-attachment":"scroll","background-type":"","background-media":"","overlay-type":"","overlay-color":"","overlay-opacity":"","overlay-gradient":""},"mobile":{"background-color":"","background-image":"","background-repeat":"repeat","background-position":"center center","background-size":"auto","background-attachment":"scroll","background-type":"","background-media":"","overlay-type":"","overlay-color":"","overlay-opacity":"","overlay-gradient":""}},"ast-content-background-meta":{"desktop":{"background-color":"var(--ast-global-color-4)","background-image":"","background-repeat":"repeat","background-position":"center center","background-size":"auto","background-attachment":"scroll","background-type":"","background-media":"","overlay-type":"","overlay-color":"","overlay-opacity":"","overlay-gradient":""},"tablet":{"background-color":"var(--ast-global-color-4)","background-image":"","background-repeat":"repeat","background-position":"center center","background-size":"auto","background-attachment":"scroll","background-type":"","background-media":"","overlay-type":"","overlay-color":"","overlay-opacity":"","overlay-gradient":""},"mobile":{"background-color":"var(--ast-global-color-4)","background-image":"","background-repeat":"repeat","background-position":"center center","background-size":"auto","background-attachment":"scroll","background-type":"","background-media":"","overlay-type":"","overlay-color":"","overlay-opacity":"","overlay-gradient":""}},"footnotes":""},"class_list":["post-86","page","type-page","status-publish","hentry"],"_links":{"self":[{"href":"https:\/\/apajh43.fr\/index.php\/wp-json\/wp\/v2\/pages\/86","targetHints":{"allow":["GET"]}}],"collection":[{"href":"https:\/\/apajh43.fr\/index.php\/wp-json\/wp\/v2\/pages"}],"about":[{"href":"https:\/\/apajh43.fr\/index.php\/wp-json\/wp\/v2\/types\/page"}],"author":[{"embeddable":true,"href":"https:\/\/apajh43.fr\/index.php\/wp-json\/wp\/v2\/users\/1"}],"replies":[{"embeddable":true,"href":"https:\/\/apajh43.fr\/index.php\/wp-json\/wp\/v2\/comments?post=86"}],"version-history":[{"count":5,"href":"https:\/\/apajh43.fr\/index.php\/wp-json\/wp\/v2\/pages\/86\/revisions"}],"predecessor-version":[{"id":234,"href":"https:\/\/apajh43.fr\/index.php\/wp-json\/wp\/v2\/pages\/86\/revisions\/234"}],"wp:attachment":[{"href":"https:\/\/apajh43.fr\/index.php\/wp-json\/wp\/v2\/media?parent=86"}],"curies":[{"name":"wp","href":"https:\/\/api.w.org\/{rel}","templated":true}]}}